{"id":74,"date":"2018-10-24T02:39:23","date_gmt":"2018-10-24T02:39:23","guid":{"rendered":"http:\/\/dietcontrung24h.com.vn\/?page_id=74"},"modified":"2022-10-07T08:53:35","modified_gmt":"2022-10-07T08:53:35","slug":"diet-moi","status":"publish","type":"page","link":"https:\/\/dietcontrung24h.com.vn\/?page_id=74","title":{"rendered":"Di\u1ec7t m\u1ed1i"},"content":{"rendered":"<h2 class=\"gach\"><strong><span style=\"color: #00a859; font-size: 24px;\">DI\u1ec6T M\u1ed0I<\/span><\/strong><\/h2>\n<h2 style=\"text-align: center;\"><strong><span style=\"color: #ff0000; font-size: 36px;\">D\u1ecbch v\u1ee5 di\u1ec7t m\u1ed1i t\u1eadn g\u1ed1c t\u1ea1i nh\u00e0<\/span><\/strong><\/h2>\n<p style=\"text-align: justify;\">N\u1ebfu b\u1ea1n \u0111ang t\u00ecm ki\u1ebfm \u0111\u1ecba ch\u1ec9 cung c\u1ea5p\u00a0<strong>d\u1ecbch v\u1ee5 di\u1ec7t m\u1ed1i<\/strong>\u00a0gi\u00e1 r\u1ebb m\u00e0 v\u1eabn \u0111\u1ea3m b\u1ea3o uy t\u00edn, ch\u1ea5t l\u01b0\u1ee3ng t\u1ea1i H\u00e0 N\u1ed9i th\u00ec C\u00f4ng ty Di\u1ec7t c\u00f4n tr\u00f9ng An B\u00ecnh ch\u00ednh l\u00e0 s\u1ef1 l\u1ef1a ch\u1ecdn l\u00fd t\u01b0\u1edfng nh\u1ea5t. An B\u00ecnh Pest Control l\u00e0 \u0111\u01a1n v\u1ecb chuy\u00ean cung c\u1ea5p d\u1ecbch v\u1ee5 di\u1ec7t m\u1ed1i t\u1eadn g\u1ed1c t\u1ea1i nh\u00e0 uy t\u00edn \u0111\u01b0\u1ee3c ch\u1ee9ng nh\u1eadn b\u1edfi H\u1ed9i Khoa H\u1ecdc K\u1ef9 Thu\u1eadt L\u00e2m Nghi\u1ec7p Vi\u1ec7t Nam.<\/p>\n<p style=\"text-align: justify;\">Ch\u1ed1ng m\u1ed1i t\u1eeb l\u00e2u \u0111\u00e3 l\u00e0 m\u1ed1i quan t\u00e2m c\u1ee7a r\u1ea5t nhi\u1ec1u h\u1ed9 gia \u0111\u00ecnh c\u0169ng nh\u01b0 \u0111\u01a1n v\u1ecb kinh doanh c\u00e1c ng\u00e0nh ngh\u1ec1 l\u00e2m nghi\u1ec7p. Nh\u1eefng phi\u1ec1n to\u00e1i v\u00e0 thi\u1ec7t h\u1ea1i nghi\u00eam tr\u1ecdng v\u1ec1 kinh t\u1ebf m\u00e0 m\u1ed1i g\u00e2y ra khi\u1ebfn ch\u00fang tr\u1edf th\u00e0nh \u0111\u1ed1i t\u01b0\u1ee3ng \u0111\u01b0\u1ee3c c\u00e1c c\u00f4ng ty s\u1ea3n xu\u1ea5t thu\u1ed1c di\u1ec7t c\u00f4n tr\u00f9ng \u0111\u1eb7c bi\u1ec7t quan t\u00e2m. Ch\u00ednh v\u00ec th\u1ebf m\u00e0 \u0111\u1ecba ch\u1ec9 di\u1ec7t m\u1ed1i uy t\u00edn\u00a0c\u0169ng tr\u1edf th\u00e0nh m\u1ee5c ti\u00eau t\u00ecm ki\u1ebfm chung c\u1ee7a nhi\u1ec1u ng\u01b0\u1eddi. T\u1ea5t nhi\u00ean, trong b\u1ed1i c\u1ea3nh \u201cv\u00e0ng thau l\u1eabn l\u1ed9n\u201d nh\u01b0 hi\u1ec7n nay th\u00ec \u0111\u1ec3 t\u00ecm ra \u0111\u01b0\u1ee3c m\u1ed9t \u0111\u01a1n v\u1ecb x\u1eed l\u00fd m\u1ed1i t\u1ea1i nh\u00e0 uy t\u00edn l\u00e0 nhi\u1ec7m v\u1ee5 kh\u00f4ng h\u1ec1 \u0111\u01a1n gi\u1ea3n.<\/p>\n<h2 style=\"text-align: justify;\"><\/h2>\n<p style=\"text-align: justify;\"><strong>T\u1ea1i sao vi\u1ec7c ph\u00f2ng ch\u1ed1ng m\u1ed1i, di\u1ec7t tr\u1eeb m\u1ed1i l\u1ea1i l\u00e0 v\u1ea5n \u0111\u1ec1 c\u1ef1c k\u1ef3 c\u1ea7n thi\u1ebft<\/strong><\/p>\n<p style=\"text-align: justify;\">M\u1ed1i l\u00e0 m\u1ed9t trong nh\u1eefng lo\u00e0i c\u00f4n tr\u00f9ng ph\u1ed5 bi\u1ebfn nh\u1ea5t th\u1ebf gi\u1edbi v\u1edbi s\u1ed1 l\u01b0\u1ee3ng c\u00e1 th\u1ec3 v\u00f4 c\u00f9ng \u0111\u00f4ng \u0111\u1ea3o. C\u00f3 th\u1ec3 n\u00f3i, \u1edf \u0111\u00e2u c\u00f3 con ng\u01b0\u1eddi, \u1edf \u0111\u00f3 c\u00f3 lo\u00e0i m\u1ed1i xu\u1ea5t hi\u1ec7n. Ch\u00fang g\u00e2y n\u00ean v\u00f4 v\u00e0n nh\u1eefng phi\u1ec1n to\u00e1i, kh\u00f3 ch\u1ecbu cho cu\u1ed9c s\u1ed1ng c\u1ee7a con ng\u01b0\u1eddi. \u0110\u1ed3ng th\u1eddi, ch\u00fang c\u0169ng d\u1eabn t\u1edbi nh\u1eefng thi\u1ec7t h\u1ea1i n\u1eb7ng n\u1ec1 v\u1ec1 m\u1eb7t kinh t\u1ebf n\u1ebfu con ng\u01b0\u1eddi kh\u00f4ng c\u00f3 bi\u1ec7n ph\u00e1p ph\u00f2ng tr\u1eeb m\u1ed1i \u0111\u00fang c\u00e1ch.<\/p>\n<p style=\"text-align: justify;\">Theo \u0111\u00f3, m\u1eb7c d\u00f9 s\u1edf h\u1eefu k\u00edch th\u01b0\u1edbc nh\u1ecf b\u00e9, song lo\u00e0i m\u1ed1i nguy hi\u1ec3m h\u01a1n r\u1ea5t nhi\u1ec1u so v\u1edbi t\u01b0\u1edfng t\u01b0\u1ee3ng c\u1ee7a ch\u00fang ta. Ch\u00fang ng\u00e0y \u0111\u00eam g\u1eb7m nh\u1ea5m, \u0111\u1ee5c kho\u00e9t t\u1ea5t c\u1ea3 nh\u1eefng m\u00f3n \u0111\u1ed3, v\u1eadt d\u1ee5ng ch\u1ee9a th\u00e0nh ph\u1ea7n xenlulozo, t\u1eeb \u0111\u1ed3 n\u1ed9i th\u1ea5t nh\u01b0 b\u00e0n, gh\u1ebf, gi\u01b0\u1eddng, t\u1ee7\u2026 t\u1edbi gi\u1ea5y t\u1edd, t\u00e0i li\u1ec7u\u2026 Th\u1eadm ch\u00ed, m\u1ed1i c\u00f2n l\u00e0 nguy\u00ean nh\u00e2n h\u00e0ng \u0111\u1ea7u g\u00e2y s\u1ee5t l\u00fan, l\u00e0m xu\u1ed1ng c\u1ea5p c\u00e1c c\u00f4ng tr\u00ecnh x\u00e2y d\u1ef1ng do qu\u00e1 tr\u00ecnh \u0111\u1ee5c kho\u00e9t k\u1ebft c\u1ea5u g\u1ed7 ho\u1eb7c \u0111\u00e0o t\u1ed5 d\u01b0\u1edbi n\u1ec1n m\u00f3ng, trong t\u01b0\u1eddng c\u1ee7a c\u00f4ng tr\u00ecnh.<\/p>\n<p style=\"text-align: justify;\">Kh\u00f4ng ch\u1ec9 nh\u00e0 d\u00e2n m\u00e0 c\u1ea3 c\u00e1c nh\u00e0 h\u00e0ng, kh\u00e1ch s\u1ea1n, c\u01a1 quan c\u00f4ng s\u1edf, nh\u00e0 m\u00e1y, c\u00f4ng x\u01b0\u1edfng s\u1ea3n xu\u1ea5t hay c\u00e1c c\u00f4ng tr\u00ecnh ki\u1ebfn tr\u00fac l\u00e0 bi\u1ec3u t\u01b0\u1ee3ng v\u0103n h\u00f3a, l\u1ecbch s\u1eed\u2026 c\u0169ng \u0111\u1ec1u c\u00f3 th\u1ec3 tr\u1edf th\u00e0nh m\u1ee5c ti\u00eau t\u1ea5n c\u00f4ng c\u1ee7a lo\u00e0i m\u1ed1i. Th\u1ed1ng k\u00ea kh\u00f4ng \u0111\u1ea7y \u0111\u1ee7 cho th\u1ea5y, thi\u1ec7t h\u1ea1i kinh t\u1ebf m\u00e0 m\u1ed1i g\u00e2y ra cho con ng\u01b0\u1eddi l\u00ean t\u1edbi h\u00e0ng ngh\u00ecn t\u1ec9 \u0111\u1ed3ng m\u1ed7i n\u0103m. M\u1eb7t kh\u00e1c, trong qu\u00e1 tr\u00ecnh ph\u00e1 ho\u1ea1i ch\u00fang c\u00f2n t\u1ea1o ra \u00e2m thanh v\u00e0 b\u1ee5i b\u1ea9n r\u1ea5t kh\u00f3 ch\u1ecbu.<\/p>\n<div id=\"attachment_1719\" class=\"wp-caption aligncenter\" style=\"text-align: justify;\"><img decoding=\"async\" loading=\"lazy\" class=\"aligncenter size-full wp-image-337\" src=\"http:\/\/dietcontrung24h.com.vn\/wp-content\/uploads\/2018\/11\/diet-moi-2.jpg\" alt=\"\" width=\"480\" height=\"319\" srcset=\"https:\/\/dietcontrung24h.com.vn\/wp-content\/uploads\/2018\/11\/diet-moi-2.jpg 480w, https:\/\/dietcontrung24h.com.vn\/wp-content\/uploads\/2018\/11\/diet-moi-2-300x199.jpg 300w\" sizes=\"(max-width: 480px) 100vw, 480px\" \/><\/div>\n<div><\/div>\n<div class=\"wp-caption aligncenter\" style=\"text-align: justify;\">\u0110\u00e1ng s\u1ee3 h\u01a1n l\u00e0 m\u1ed1i s\u1ed1ng theo t\u1eadp trung theo \u0111\u00e0n v\u1edbi s\u1ed1 l\u01b0\u1ee3ng h\u00e0ng tri\u1ec7u con, \u0111\u1ed3ng th\u1eddi l\u1ea1i c\u00f3 t\u1ed1c \u0111\u1ed9 sinh s\u00f4i, ph\u00e1t tri\u1ec3n c\u1ef1c nhanh, t\u1ea1o n\u00ean s\u1ee9c t\u00e0n ph\u00e1 v\u00f4 c\u00f9ng kh\u1ee7ng khi\u1ebfp. Ch\u00ednh v\u00ec nh\u1eefng v\u1ea5n \u0111\u1ec1 k\u1ec3 tr\u00ean m\u00e0\u00a0<strong>ph\u00f2ng ch\u1ed1ng m\u1ed1i<\/strong>,\u00a0<strong>di\u1ec7t m\u1ed1i t\u1eadn g\u1ed1c<\/strong>\u00a0\u0111\u01b0\u1ee3c xem l\u00e0 nhi\u1ec7m v\u1ee5 quan tr\u1ecdng kh\u00f4ng ch\u1ec9 \u1edf c\u00e1c th\u00e0nh ph\u1ed1 l\u1edbn nh\u01b0 H\u00e0 N\u1ed9i, Tp HCM m\u00e0 c\u00f2n c\u1ee7a to\u00e0n x\u00e3 h\u1ed9i.<\/div>\n<p style=\"text-align: justify;\"><strong>3\u00a0ph\u01b0\u01a1ng\u00a0ph\u00e1p di\u1ec7t m\u1ed1i t\u1ea1i nh\u00e0 theo kinh nghi\u1ec7m d\u00e2n gian<\/strong><\/p>\n<p style=\"text-align: justify;\">\u0110\u1ec3\u00a0<strong>di\u1ec7t tr\u1eeb m\u1ed1i t\u1eadn g\u1ed1c<\/strong>, b\u1ea1n c\u00f3 th\u1ec3 l\u1ef1a ch\u1ecdn c\u00e1c m\u1eb9o v\u1eb7t l\u01b0u truy\u1ec1n trong d\u00e2n gian nh\u01b0:<\/p>\n<p style=\"text-align: justify;\">\u2013 \u0110\u00e0o t\u1ed5 m\u1ed1i r\u1ed3i ch\u1ea5t r\u01a1m \u0111\u1ed1t ho\u1eb7c \u0111\u1ed5 n\u01b0\u1edbc cho ng\u1eadp \u00fang ho\u1eb7c b\u1eaft v\u00e0\u00a0di\u1ec7t\u00a0m\u1ed1i ch\u00faa.<\/p>\n<p style=\"text-align: justify;\">\u2013 \u0110\u1eb7t m\u1ed9t c\u00e2y n\u1ebfn (\u0111\u00e8n d\u1ea7u) v\u00e0o gi\u1eefa ch\u1eadu n\u01b0\u1edbc, d\u00f9ng \u00e1nh s\u00e1ng d\u1ee5 m\u1ed1i t\u1edbi, sau khi giao ph\u1ed1i, ch\u00fang s\u1ebd b\u1ecb r\u1ee5ng c\u00e1nh v\u00e0 t\u1ef1 \u0111\u1ed9ng r\u01a1i xu\u1ed1ng ch\u1eadu n\u01b0\u1edbc.<\/p>\n<p style=\"text-align: justify;\">\u2013 D\u00f9ng d\u1ea7u h\u1ecfa thoa l\u00ean \u0111\u1ed3 n\u1ed9i th\u1ea5t b\u1ecb m\u1ed1i x\u00f4ng r\u1ed3i d\u00f9ng ni l\u00f4ng b\u1ecdc k\u00edn l\u1ea1i \u0111\u1ec3 khi\u1ebfn ch\u00fang ch\u1ebft ng\u1ea1t.<\/p>\n<div id=\"attachment_1874\" class=\"wp-caption aligncenter\" style=\"text-align: justify;\"><\/div>\n<div id=\"attachment_338\" style=\"width: 970px\" class=\"wp-caption aligncenter\"><img aria-describedby=\"caption-attachment-338\" decoding=\"async\" loading=\"lazy\" class=\"size-full wp-image-338\" src=\"http:\/\/dietcontrung24h.com.vn\/wp-content\/uploads\/2018\/11\/diet-moi-3.jpg\" alt=\"\" width=\"960\" height=\"1280\" srcset=\"https:\/\/dietcontrung24h.com.vn\/wp-content\/uploads\/2018\/11\/diet-moi-3.jpg 960w, https:\/\/dietcontrung24h.com.vn\/wp-content\/uploads\/2018\/11\/diet-moi-3-225x300.jpg 225w, https:\/\/dietcontrung24h.com.vn\/wp-content\/uploads\/2018\/11\/diet-moi-3-768x1024.jpg 768w\" sizes=\"(max-width: 960px) 100vw, 960px\" \/><p id=\"caption-attachment-338\" class=\"wp-caption-text\">C\u00f4ng ty An B\u00ecnh ti\u1ebfn h\u00e0nh kh\u1ea3o s\u00e1t v\u00e0 \u0111\u1eb7t h\u1ed9p nh\u1eed m\u1ed1i t\u1ea1i ch\u00f9a.<\/p><\/div>\n<p style=\"text-align: justify;\">Tuy nhi\u00ean, c\u00e1c bi\u1ec7n ph\u00e1p<strong>\u00a0x\u1eed l\u00fd m\u1ed1i\u00a0<\/strong>theo kinh nghi\u1ec7m d\u00e2n gian th\u01b0\u1eddng mang l\u1ea1i hi\u1ec7u qu\u1ea3 kh\u00f4ng cao v\u00e0 ch\u1ec9 mang t\u00ednh \u0111\u1ed1i ph\u00f3 t\u1ea1m th\u1eddi. Lo\u00e0i c\u00f4n tr\u00f9ng nguy hi\u1ec3m n\u00e0y s\u1ebd nhanh ch\u00f3ng quay tr\u1edf l\u1ea1i, th\u1eadm ch\u00ed c\u00f2n t\u00e0n ph\u00e1 nghi\u00eam tr\u1ecdng h\u01a1n. Gi\u1ea3i ph\u00e1p t\u1ed1t nh\u1ea5t \u0111\u1ec3 x\u1eed l\u00fd t\u00ecnh tr\u1ea1ng m\u1ed1i ph\u00e1 ho\u1ea1i m\u1ed9t c\u00e1ch tri\u1ec7t \u0111\u1ec3 v\u00e0 di\u1ec7t m\u1ed1i t\u1eadn g\u1ed1c \u0111\u00f3 l\u00e0 t\u00ecm \u0111\u1ebfn c\u00e1c d\u1ecbch v\u1ee5 di\u1ec7t m\u1ed1i t\u1ea1i H\u00e0 N\u1ed9i\u00a0chuy\u00ean nghi\u1ec7p nh\u01b0 C\u00f4ng ty Di\u1ec7t c\u00f4n tr\u00f9ng An B\u00ecnh.<\/p>\n<h2 style=\"text-align: justify;\"><\/h2>\n<p style=\"text-align: justify;\"><strong>L\u00fd do kh\u00e1ch h\u00e0ng ch\u1ecdn d\u1ecbch v\u1ee5 di\u1ec7t m\u1ed1i t\u1eadn g\u1ed1c t\u1ea1i An B\u00ecnh?<\/strong><\/p>\n<p style=\"text-align: justify;\">C\u00f3 r\u1ea5t nhi\u1ec1u \u0111\u1ecba ch\u1ec9 di\u1ec7t\u00a0m\u1ed1i uy t\u00edn\u00a0\u0111ang ho\u1ea1t \u0111\u1ed9ng, song An B\u00ecnh v\u1eabn \u0111\u01b0\u1ee3c \u0111\u00e1nh gi\u00e1 l\u00e0 c\u00f4ng ty di\u1ec7t m\u1ed1i gi\u00e1 r\u1ebb h\u00e0ng \u0111\u1ea7u, \u0111\u01b0\u1ee3c h\u00e0ng ngh\u00ecn kh\u00e1ch h\u00e0ng tin t\u01b0\u1edfng l\u1ef1a ch\u1ecdn, bao g\u1ed3m kh\u00e1ch h\u00e0ng \u1edf H\u00e0 N\u1ed9i v\u00e0 c\u1ea3 nh\u1eefng t\u1ec9nh th\u00e0nh t\u1eeb B\u1eafc t\u1edbi Nam. C\u00f3 \u0111\u01b0\u1ee3c s\u1ef1 t\u00edn nhi\u1ec7m \u0111\u00f3 l\u00e0 nh\u1edd C\u00f4ng ty Di\u1ec7t c\u00f4n tr\u00f9ng An B\u00ecnh h\u1ed9i t\u1ee5 nh\u1eefng \u01b0u \u0111i\u1ec3m v\u01b0\u1ee3t tr\u1ed9i nh\u01b0:<\/p>\n<p style=\"text-align: justify;\"><em><strong>Quy tr\u00ecnh di\u1ec7t m\u1ed1i khoa h\u1ecdc<\/strong><\/em><\/p>\n<p style=\"text-align: justify;\">\u0110\u1ebfn v\u1edbi\u00a0<strong>d\u1ecbch v\u1ee5 di\u1ec7t m\u1ed1i t\u1ea1i nh\u00e0<\/strong>\u00a0c\u1ee7a ch\u00fang t\u00f4i, An B\u00ecnh Pest Control s\u1ebd ti\u1ebfn h\u00e0nh kh\u1ea3o s\u00e1t, \u0111\u00e1nh gi\u00e1 t\u00ecnh h\u00ecnh th\u1ef1c t\u1ebf v\u1ec1 ch\u1ee7ng lo\u1ea1i, s\u1ed1 l\u01b0\u1ee3ng, m\u1eadt \u0111\u1ed9 m\u1ed1i v\u00e0 m\u1ee9c \u0111\u1ed9 ph\u00e1 ho\u1ea1i \u0111\u1ec3 t\u1eeb \u0111\u00f3 \u0111\u01b0a ra k\u1ebf ho\u1ea1ch \u0111\u1eb7t h\u1ed9p, phun thu\u1ed1c b\u1ed9t, pha thu\u1ed1c, phun thu\u1ed1c di\u1ec7t m\u1ed1i ph\u00f9 h\u1ee3p. K\u1ebf ho\u1ea1ch n\u00e0y c\u0169ng s\u1ebd \u0111\u01b0\u1ee3c th\u1ed1ng nh\u1ea5t v\u1edbi kh\u00e1ch h\u00e0ng tr\u01b0\u1edbc khi ch\u00ednh th\u1ee9c tri\u1ec3n khai.<\/p>\n<p style=\"text-align: justify;\">V\u1edbi nhi\u1ec1u n\u0103m kinh nghi\u1ec7m, c\u00f9ng \u0111\u1ed9i ng\u0169 k\u1ef9 thu\u1eadt t\u1eadn t\u00ecnh s\u1ebd ch\u0103m s\u00f3c v\u00e0 ph\u1ee5c v\u1ee5 t\u01b0 v\u1ea5n qu\u00fd kh\u00e1ch v\u1ec1 ph\u00f2ng tr\u1eeb m\u1ed1i, phun thu\u1ed1c di\u1ec7t m\u1ed1i, hi\u1ec7u qu\u1ea3 nh\u1ea5t t\u1ea1i t\u1ea5t c\u1ea3 c\u00e1c qu\u1eadn huy\u1ec7n trong \u0111\u1ecba b\u00e0n th\u00e0nh ph\u1ed1 H\u00e0 N\u1ed9i c\u0169ng nh\u01b0 c\u00e1c t\u1ec9nh th\u00e0nh tr\u00ean c\u1ea3 n\u01b0\u1edbc.<\/p>\n<p style=\"text-align: justify;\"><em><strong>Tu\u00e2n th\u1ee7 c\u00e1c quy \u0111\u1ecbnh v\u1ec1 an to\u00e0n s\u1ee9c kh\u1ecfe trong su\u1ed1t qu\u00e1 tr\u00ecnh ch\u1ed1ng m\u1ed1i<\/strong><\/em><\/p>\n<p style=\"text-align: justify;\">An to\u00e0n l\u00e0 y\u1ebfu t\u1ed1 \u0111\u01b0\u1ee3c c\u00f4ng ty \u0111\u1eb7t l\u00ean h\u00e0ng \u0111\u1ea7u. Do v\u1eady, ngo\u00e0i vi\u1ec7c \u00e1p d\u1ee5ng quy tr\u00ecnh ti\u00eau chu\u1ea9n v\u1edbi trang b\u1ecb m\u00e1y m\u00f3c hi\u1ec7n \u0111\u1ea1i nh\u1ea5t, An B\u00ecnh c\u00f2n \u0111\u1eb7c bi\u1ec7t ch\u00fa tr\u1ecdng t\u1edbi ngu\u1ed3n g\u1ed1c, xu\u1ea5t x\u1ee9 v\u00e0 th\u00e0nh ph\u1ea7n c\u1ee7a c\u00e1c lo\u1ea1i\u00a0<strong>thu\u1ed1c di\u1ec7t m\u1ed1i<\/strong>. Theo \u0111\u00f3, C\u00f4ng ty ch\u1ec9 s\u1eed d\u1ee5ng s\u1ea3n ph\u1ea9m \u0111\u00e3 \u0111\u01b0\u1ee3c B\u1ed9 N\u00f4ng Nghi\u1ec7p v\u00e0 c\u00e1c c\u01a1 quan c\u00f3 th\u1ea9m quy\u1ec1n ch\u1ee9ng nh\u1eadn, c\u1ea5p ph\u00e9p l\u01b0u h\u00e0nh.<\/p>\n<div id=\"attachment_1721\" class=\"wp-caption alignnone\" style=\"text-align: justify;\"><\/div>\n<div id=\"attachment_339\" style=\"width: 970px\" class=\"wp-caption aligncenter\"><img aria-describedby=\"caption-attachment-339\" decoding=\"async\" loading=\"lazy\" class=\"size-full wp-image-339\" src=\"http:\/\/dietcontrung24h.com.vn\/wp-content\/uploads\/2018\/11\/diet-moi-4.jpg\" alt=\"\" width=\"960\" height=\"1280\" srcset=\"https:\/\/dietcontrung24h.com.vn\/wp-content\/uploads\/2018\/11\/diet-moi-4.jpg 960w, https:\/\/dietcontrung24h.com.vn\/wp-content\/uploads\/2018\/11\/diet-moi-4-225x300.jpg 225w, https:\/\/dietcontrung24h.com.vn\/wp-content\/uploads\/2018\/11\/diet-moi-4-768x1024.jpg 768w\" sizes=\"(max-width: 960px) 100vw, 960px\" \/><p id=\"caption-attachment-339\" class=\"wp-caption-text\">Di\u1ec7t m\u1ed1i t\u1eadn g\u1ed1c<\/p><\/div>\n<p style=\"text-align: justify;\"><em><strong>D\u1ecbch v\u1ee5 di\u1ec7t m\u1ed1i t\u1eadn g\u1ed1c v\u1edbi gi\u00e1 th\u00e0nh h\u1ee3p l\u00fd<\/strong><\/em><\/p>\n<p style=\"text-align: justify;\">C\u00f4ng ty x\u1eed l\u00fd m\u1ed1i An B\u00ecnh cam k\u1ebft \u0111\u01b0a ra b\u00e1o gi\u00e1 di\u1ec7t tr\u1eeb m\u1ed1i t\u1eadn g\u1ed1c ph\u00f9 h\u1ee3p v\u1edbi t\u00ecnh h\u00ecnh th\u1ef1c t\u1ebf sau khi kh\u1ea3o s\u00e1t, \u0111\u00e1nh gi\u00e1 c\u1ee5 th\u1ec3 tr\u01b0\u1eddng h\u1ee3p c\u1ee7a m\u1ed7i kh\u00e1ch h\u00e0ng v\u00e0 ph\u00f9 h\u1ee3p v\u1edbi m\u1ee9c chung c\u1ee7a th\u1ecb tr\u01b0\u1eddng. Quan \u0111i\u1ec3m c\u1ee7a An B\u00ecnh l\u00e0 ch\u00fa tr\u1ecdng ch\u1ea5t l\u01b0\u1ee3ng ch\u1ee9 kh\u00f4ng t\u1eadp trung c\u1ea1nh tranh v\u1ec1 gi\u00e1, song v\u1eabn lu\u00f4n c\u1ed1 g\u1eafng h\u1ebft m\u1ee9c \u0111\u1ec3 chia s\u1ebb \u00e1p l\u1ef1c kinh t\u1ebf v\u1edbi kh\u00e1ch h\u00e0ng.<\/p>\n<p style=\"text-align: justify;\"><em><strong>C\u00f4ng ty di\u1ec7t m\u1ed1i gi\u00e1 r\u1ebb v\u1edbi hi\u1ec7u qu\u1ea3 cao<\/strong><\/em><\/p>\n<p style=\"text-align: justify;\">V\u1edbi trang b\u1ecb m\u00e1y m\u00f3c hi\u1ec7n \u0111\u1ea1i, \u00e1p d\u1ee5ng c\u00e1c k\u1ef9 thu\u1eadt t\u00e2n ti\u1ebfn nh\u1ea5t v\u00e0 c\u00e1c lo\u1ea1i thu\u1ed1c ch\u1ea5t l\u01b0\u1ee3ng, c\u00f9ng \u0111\u1ed9i ng\u0169 k\u1ef9 thu\u1eadt vi\u00ean gi\u1ecfi chuy\u00ean m\u00f4n, gi\u00e0u kinh nghi\u1ec7m, tinh th\u1ea7n tr\u00e1ch nhi\u1ec7m cao\u2026 \u00a0C\u00f4ng ty Di\u1ec7t c\u00f4n tr\u00f9ng An B\u00ecnh t\u1ef1 tin mang t\u1edbi cho kh\u00e1ch h\u00e0ng d\u1ecbch v\u1ee5\u00a0<strong>di\u1ec7t m\u1ed1i t\u1eadn g\u1ed1c<\/strong>\u00a0hi\u1ec7u qu\u1ea3, gi\u00fap gi\u1ea3i quy\u1ebft tri\u1ec7t \u0111\u1ec3 t\u00ecnh tr\u1ea1ng m\u1ed1i ph\u00e1 ho\u1ea1i v\u00e0 ng\u0103n kh\u00f4ng cho ch\u00fang quay tr\u1edf l\u1ea1i. Ch\u00fang t\u00f4i t\u1ef1 tin cung c\u1ea5p d\u1ecbch v\u1ee5 t\u1eeb ch\u1ed1ng m\u1ed1i n\u1ec1n nh\u00e0 cho t\u1edbi vi\u1ec7c x\u1eed l\u00fd m\u1ed1i c\u00f4ng tr\u00ecnh, nh\u00e0 m\u1edbi x\u00e2y\u2026 \u0111\u1ec1u \u0111\u1ea3m b\u1ea3o mang l\u1ea1i hi\u1ec7u qu\u1ea3, s\u1ef1 h\u00e0i l\u00f2ng cao nh\u1ea5t c\u1ee7a qu\u00fd kh\u00e1ch h\u00e0ng.<\/p>\n<p style=\"text-align: justify;\" align=\"center\">\n<p style=\"text-align: justify;\" align=\"center\"><strong>C\u00f4ng ty\u00a0di\u1ec7t m\u1ed1i An B\u00ecnh chuy\u00ean nghi\u1ec7p v\u00e0 uy t\u00edn h\u00e0ng \u0111\u1ea7u t\u1ea1i Vi\u1ec7t Nam.<\/strong><\/p>\n<p style=\"text-align: justify;\"><i class=\"fa fa-map-marker\"><\/i>\u00a0\u0110\u1ecba ch\u1ec9: S\u1ed1 287 X\u00f3m 3, Th\u00f4n 4, x\u00e3 Song Ph\u01b0\u01a1ng, huy\u1ec7n Ho\u00e0i \u0110\u1ee9c, H\u00e0 N\u1ed9i, Vi\u1ec7t Nam<\/p>\n<p style=\"text-align: justify;\"><i class=\"fa fa-phone\"><\/i><strong>\u00a0<\/strong><b>Hotline:<\/b> <strong>0387 834 592 <\/strong><\/p>\n","protected":false},"excerpt":{"rendered":"<p>DI\u1ec6T M\u1ed0I D\u1ecbch v\u1ee5 di\u1ec7t m\u1ed1i t\u1eadn g\u1ed1c t\u1ea1i nh\u00e0 N\u1ebfu b\u1ea1n \u0111ang t\u00ecm ki\u1ebfm \u0111\u1ecba ch\u1ec9 cung c\u1ea5p\u00a0d\u1ecbch v\u1ee5 di\u1ec7t m\u1ed1i\u00a0gi\u00e1 r\u1ebb m\u00e0 v\u1eabn \u0111\u1ea3m b\u1ea3o uy t\u00edn, ch\u1ea5t l\u01b0\u1ee3ng t\u1ea1i H\u00e0 N\u1ed9i th\u00ec C\u00f4ng ty Di\u1ec7t c\u00f4n tr\u00f9ng An B\u00ecnh ch\u00ednh l\u00e0 s\u1ef1 l\u1ef1a ch\u1ecdn l\u00fd t\u01b0\u1edfng nh\u1ea5t. An B\u00ecnh Pest Control l\u00e0 [&hellip;]<\/p>\n","protected":false},"author":1,"featured_media":0,"parent":0,"menu_order":0,"comment_status":"closed","ping_status":"closed","template":"","meta":[],"_links":{"self":[{"href":"https:\/\/dietcontrung24h.com.vn\/index.php?rest_route=\/wp\/v2\/pages\/74"}],"collection":[{"href":"https:\/\/dietcontrung24h.com.vn\/index.php?rest_route=\/wp\/v2\/pages"}],"about":[{"href":"https:\/\/dietcontrung24h.com.vn\/index.php?rest_route=\/wp\/v2\/types\/page"}],"author":[{"embeddable":true,"href":"https:\/\/dietcontrung24h.com.vn\/index.php?rest_route=\/wp\/v2\/users\/1"}],"replies":[{"embeddable":true,"href":"https:\/\/dietcontrung24h.com.vn\/index.php?rest_route=%2Fwp%2Fv2%2Fcomments&post=74"}],"version-history":[{"count":10,"href":"https:\/\/dietcontrung24h.com.vn\/index.php?rest_route=\/wp\/v2\/pages\/74\/revisions"}],"predecessor-version":[{"id":464,"href":"https:\/\/dietcontrung24h.com.vn\/index.php?rest_route=\/wp\/v2\/pages\/74\/revisions\/464"}],"wp:attachment":[{"href":"https:\/\/dietcontrung24h.com.vn\/index.php?rest_route=%2Fwp%2Fv2%2Fmedia&parent=74"}],"curies":[{"name":"wp","href":"https:\/\/api.w.org\/{rel}","templated":true}]}}