{"id":77,"date":"2018-10-24T02:39:52","date_gmt":"2018-10-24T02:39:52","guid":{"rendered":"http:\/\/dietcontrung24h.com.vn\/?page_id=77"},"modified":"2022-10-07T08:55:08","modified_gmt":"2022-10-07T08:55:08","slug":"diet-gian","status":"publish","type":"page","link":"https:\/\/dietcontrung24h.com.vn\/?page_id=77","title":{"rendered":"Di\u1ec7t gi\u00e1n"},"content":{"rendered":"<h2 class=\"gach\" style=\"text-align: justify;\"><strong><span style=\"color: #00a859; font-size: 24px;\">DI\u1ec6T GI\u00c1N<\/span><\/strong><\/h2>\n<p style=\"text-align: justify;\">Di\u1ec7t c\u00f4n tr\u00f9ng An B\u00ecnh t\u1ef1 h\u00e0o mang t\u1edbi s\u1ef1 b\u00ecnh y\u00ean cho h\u00e0ng ngh\u00ecn gia \u0111\u00ecnh, nh\u00e0 h\u00e0ng, kh\u00e1ch s\u1ea1n\u2026 tr\u00ean c\u1ea3 n\u01b0\u1edbc v\u1edbi d\u1ecbch v\u1ee5\u00a0<strong>di\u1ec7t gi\u00e1n<\/strong>\u00a0t\u1eadn g\u1ed1c, bao g\u1ed3m c\u1ea3 gi\u00e1n \u0110\u1ee9c, m\u1ed9t trong nh\u1eefng lo\u1ea1i c\u00f4n tr\u00f9ng c\u1ee9ng \u0111\u1ea7u, kh\u00f3 x\u1eed l\u00fd nh\u1ea5t hi\u1ec7n nay.<\/p>\n<h2 style=\"text-align: justify;\"><strong>T\u1ed5ng quan v\u1ec1 lo\u00e0i gi\u00e1n<\/strong><\/h2>\n<p style=\"text-align: justify;\">C\u00e1c nh\u00e0 khoa h\u1ecdc \u0111\u00e3 t\u00ecm ra kho\u1ea3ng 4000 lo\u00e0i gi\u00e1n kh\u00e1c nhau, song ch\u1ec9 c\u00f3 m\u1ed9t v\u00e0i lo\u00e0i trong s\u1ed1 \u0111\u00f3 th\u01b0\u1eddng xuy\u00ean l\u00e0m phi\u1ec1n v\u00e0 tr\u1edf th\u00e0nh n\u1ed7i \u00e1m \u1ea3nh c\u1ee7a con ng\u01b0\u1eddi. T\u1ea1i Vi\u1ec7t Nam, ph\u1ed5 bi\u1ebfn nh\u1ea5t l\u00e0 gi\u00e1n M\u1ef9, gi\u00e1n \u00dac, gi\u00e1n ph\u01b0\u01a1ng \u0110\u00f4ng v\u00e0 gi\u00e1n \u0110\u1ee9c. Trong \u0111\u00f3, gi\u00e1n \u0110\u1ee9c \u0111\u01b0\u1ee3c xem l\u00e0 lo\u00e0i kh\u00f3 x\u1eed l\u00fd nh\u1ea5t. Mu\u1ed1n ph\u00f2ng v\u00e0\u00a0<strong>di\u1ec7t gi\u00e1n hi\u1ec7u qu\u1ea3<\/strong>\u00a0th\u00ec tr\u01b0\u1edbc ti\u00ean, c\u1ea7n n\u1eafm \u0111\u01b0\u1ee3c \u0111\u1eb7c \u0111i\u1ec3m c\u01a1 b\u1ea3n c\u1ee7a t\u1eebng lo\u00e0i.<\/p>\n<p><strong><img decoding=\"async\" loading=\"lazy\" class=\"aligncenter size-full wp-image-330\" src=\"http:\/\/dietcontrung24h.com.vn\/wp-content\/uploads\/2018\/11\/diet-gian-2.jpg\" alt=\"\" width=\"600\" height=\"400\" srcset=\"https:\/\/dietcontrung24h.com.vn\/wp-content\/uploads\/2018\/11\/diet-gian-2.jpg 600w, https:\/\/dietcontrung24h.com.vn\/wp-content\/uploads\/2018\/11\/diet-gian-2-300x200.jpg 300w\" sizes=\"(max-width: 600px) 100vw, 600px\" \/><\/strong><\/p>\n<ul style=\"text-align: justify;\">\n<li><strong>Gi\u00e1n M\u1ef9<\/strong>: K\u00edch th\u01b0\u1edbc 1,5 inches, m\u00e0u n\u00e2u \u0111\u1ecf, c\u00f3 d\u1ea3i v\u00e0ng tr\u00ean l\u01b0ng, c\u00f3 c\u00e1nh nh\u01b0ng hi\u1ebfm khi bay. M\u1eb7c d\u00f9 \u201cph\u1ee7 s\u00f3ng\u201d to\u00e0n th\u1ebf gi\u1edbi, song gi\u00e1n M\u1ef9 chu\u1ed9ng v\u00f9ng nhi\u1ec7t \u0111\u1edbi n\u00f3ng \u1ea9m h\u01a1n. Ch\u00fang th\u00edch nh\u1eefng n\u01a1i \u1ea9m th\u1ea5p, g\u1ea7n ngu\u1ed3n n\u01b0\u1edbc, th\u01b0\u1eddng s\u1ed1ng trong c\u1ed1ng r\u00e3nh, t\u1ea7ng h\u1ea7m, kho x\u01b0\u1edfng\u2026 \u0110\u00e2y l\u00e0 lo\u00e0i ph\u1ed5 bi\u1ebfn nh\u1ea5t, xu\u1ea5t hi\u1ec7n trong nh\u00e0 th\u01b0\u1eddng xuy\u00ean nh\u1ea5t.<\/li>\n<li><strong>Gi\u00e1n ph\u01b0\u01a1ng \u0110\u00f4ng<\/strong>\u00a0(c\u00f2n \u0111\u01b0\u1ee3c g\u1ecdi l\u00e0 b\u1ecd n\u01b0\u1edbc): M\u00e0u \u0111en, th\u00e2n b\u00f3ng, c\u00f3 m\u00f9i h\u00f4i kh\u00f3 ch\u1ecbu nh\u1ea5t trong s\u1ed1 c\u00e1c lo\u1ea1i gi\u00e1n th\u01b0\u1eddng xu\u1ea5t hi\u1ec7n trong nh\u00e0. B\u1ea1n c\u00f3 th\u1ec3 d\u1ec5 d\u00e0ng b\u1eaft g\u1eb7p ch\u00fang \u1edf khu v\u1ef1c c\u1ed1ng r\u00e3nh, nh\u00e0 kho, t\u1ea7ng h\u1ea7m, nh\u00e0 b\u1ebfp\u2026<\/li>\n<li><strong>Gi\u00e1n \u0110\u1ee9c<\/strong>:Th\u00e2n h\u00ecnh b\u1ea7u d\u1ee5c, 6 ch\u00e2n, c\u01a1 th\u1ec3 m\u00e0u n\u00e2u nh\u1ea1t, tr\u00ean l\u01b0ng c\u00f3 hai s\u1ecdc \u0111en. Ch\u00fang th\u00edch m\u00f4i tr\u01b0\u1eddng n\u00f3ng \u1ea9m, th\u01b0\u1eddng xu\u1ea5t hi\u1ec7n trong nh\u00e0 b\u1ebfp, nh\u00e0 v\u1ec7 sinh, ph\u00f2ng t\u1eafm, khu v\u1ef1c ch\u1ee9a th\u1ee9c \u0103n\u2026 Tuy k\u00edch th\u01b0\u1edbc nh\u1ecf b\u00e9, song gi\u00e1n \u0110\u1ee9c l\u00e0 n\u1ed7i \u00e1m \u1ea3nh v\u1edbi con ng\u01b0\u1eddi. Kh\u00f4ng ch\u1ec9 g\u00e2y phi\u1ec1n to\u00e1i, ch\u00fang c\u00f2n \u1ea9n ch\u1ee9a m\u1ea7m b\u1ec7nh nguy hi\u1ec3m v\u00e0 c\u00f3 th\u1ec3 g\u00e2y d\u1ecb \u1ee9ng.<\/li>\n<\/ul>\n<h2 style=\"text-align: justify;\"><strong>T\u00e1c h\u1ea1i c\u1ee7a gi\u00e1n?<img decoding=\"async\" loading=\"lazy\" class=\"aligncenter size-full wp-image-327\" src=\"http:\/\/dietcontrung24h.com.vn\/wp-content\/uploads\/2018\/11\/diet-gian-3.jpg\" alt=\"\" width=\"660\" height=\"495\" srcset=\"https:\/\/dietcontrung24h.com.vn\/wp-content\/uploads\/2018\/11\/diet-gian-3.jpg 660w, https:\/\/dietcontrung24h.com.vn\/wp-content\/uploads\/2018\/11\/diet-gian-3-300x225.jpg 300w, https:\/\/dietcontrung24h.com.vn\/wp-content\/uploads\/2018\/11\/diet-gian-3-463x348.jpg 463w\" sizes=\"(max-width: 660px) 100vw, 660px\" \/><\/strong><\/h2>\n<ul style=\"text-align: justify;\">\n<li>Gi\u00e1n c\u00f3 m\u00f9i h\u00f4i kh\u00f3 ch\u1ecbu, c\u00f3 th\u1ec3 g\u00e2y ho\u1ea3ng s\u1ee3 cho ph\u1ee5 n\u1eef, tr\u1ebb nh\u1ecf v\u00e0 \u0111\u00f4i khi \u0111\u00e0n \u00f4ng c\u0169ng s\u1ee3 h\u00e3i tr\u01b0\u1edbc lo\u00e0i c\u00f4n tr\u00f9ng n\u00e0y.<\/li>\n<li>Gi\u00e1n g\u00e2y h\u01b0 h\u1ea1i \u0111\u1ed3 d\u00f9ng trong nh\u00e0, ch\u00fang g\u1eb7m nh\u1ea5m qu\u1ea7n \u00e1o, s\u00e1ch v\u1edf, gi\u1ea5y t\u1edd, \u0111\u01b0\u1eddng d\u00e2y \u0111i\u1ec7n, \u0111\u1ed3 n\u1ed9i th\u1ea5t g\u1ed7\u2026 g\u00e2y thi\u1ec7t h\u1ea1i v\u1ec1 kinh t\u1ebf.<\/li>\n<li>Gi\u00e1n x\u00e2m nh\u1eadp l\u00e0m b\u1ea9n c\u0103n b\u1ebfp c\u1ee7a b\u1ea1n,l\u00e0m t\u0103ng nguy c\u01a1 m\u1ea5t an to\u00e0n v\u1ec7 sinh th\u1ef1c ph\u1ea9m.<\/li>\n<li>M\u1ed9t s\u1ed1 lo\u00e0i gi\u00e1n (\u0111i\u1ec3n h\u00ecnh nh\u01b0 gi\u00e1n \u0110\u1ee9c) l\u00e0 trung gian l\u00e2y truy\u1ec1n nhi\u1ec1u b\u1ec7nh nguy hi\u1ec3m nh\u01b0 th\u01b0\u01a1ng h\u00e0n, ch\u00e0m, hen suy\u1ec5n, vi\u00eam d\u1ea1 d\u00e0y, khu\u1ea9n salmonella, b\u1ec7nh l\u1ef5\u2026<\/li>\n<\/ul>\n<h2 style=\"text-align: justify;\"><strong>D\u1ecbch v\u1ee5 di\u1ec7t gi\u00e1n uy t\u00edn<\/strong><\/h2>\n<p style=\"text-align: justify;\">Di\u1ec7t gi\u00e1n \u0111\u00e3 kh\u00f3,\u00a0<strong>di\u1ec7t gi\u00e1n \u0111\u1ee9c<\/strong>\u00a0l\u1ea1i c\u00e0ng kh\u00f3 h\u01a1n. B\u1edfi ch\u00fang c\u00f3 t\u1ed1c \u0111\u1ed9 sinh s\u1ea3n c\u1ef1c nhanh, s\u1ed1ng th\u00e0nh \u0111\u00e0n v\u1edbi s\u1ed1 l\u01b0\u1ee3ng c\u00e1 th\u1ec3 \u0111\u00f4ng \u0111\u1ea3o v\u00e0 ho\u1ea1t \u0111\u1ed9ng m\u1ea1nh v\u1ec1 ban \u0111\u00eam. B\u00ean c\u1ea1nh \u0111\u00f3, ch\u00fang ch\u1ea1y r\u1ea5t nhanh, k\u00edch th\u01b0\u1edbc nh\u1ecf n\u00ean d\u1ec5 lu\u1ed3n l\u00e1ch, l\u1ea9n tr\u1ed1n, r\u1ea5t kh\u00f3 l\u00f9ng b\u1eaft. V\u00ec th\u1ebf, mu\u1ed1n di\u1ec7t gi\u00e1n n\u00f3i chung v\u00e0 di\u1ec7t gi\u00e1n \u0111\u1ee9c n\u00f3i ri\u00eang m\u1ed9t c\u00e1ch hi\u1ec7u qu\u1ea3 th\u00ec c\u00e1ch t\u1ed1t nh\u1ea5t l\u00e0 t\u00ecm \u0111\u1ebfn d\u1ecbch v\u1ee5 c\u1ee7a c\u00e1c c\u00f4ng ty ki\u1ec3m so\u00e1t c\u00f4n tr\u00f9ng chuy\u00ean nghi\u1ec7p nh\u01b0 \u00a0C\u00f4ng ty Di\u1ec7t c\u00f4n tr\u00f9ng An B\u00ecnh.<\/p>\n<h3 style=\"text-align: justify;\"><strong>* T\u1ea1i sao l\u1ea1i l\u00e0 Di\u1ec7t c\u00f4n tr\u00f9ng An B\u00ecnh?<\/strong><\/h3>\n<ul style=\"text-align: justify;\">\n<li>V\u00ec ch\u00fang t\u00f4i c\u00f3 \u0111\u1ed9i ng\u0169 k\u1ef9 thu\u1eadt vi\u00ean gi\u1ecfi chuy\u00ean m\u00f4n, gi\u00e0u kinh nghi\u1ec7m v\u00e0 tinh th\u1ea7n tr\u00e1ch nhi\u1ec7m cao<\/li>\n<li>V\u00ec ch\u00fang t\u00f4i trang b\u1ecb h\u1ec7 th\u1ed1ng trang thi\u1ebft b\u1ecb, ph\u01b0\u01a1ng ti\u1ec7n k\u1ef9 thu\u1eadt hi\u1ec7n \u0111\u1ea1i, \u0111\u1ea1t chu\u1ea9n, \u0111\u1ea3m b\u1ea3o hi\u1ec7u qu\u1ea3 t\u1ed1i \u0111a<\/li>\n<li>V\u00ec ch\u00fang t\u00f4i s\u1eed d\u1ee5ng\u00a0<strong>thu\u1ed1c di\u1ec7t gi\u00e1n<\/strong>\u00a0c\u00f3 ngu\u1ed3n g\u1ed1c xu\u1ea5t x\u1ee9 r\u00f5 r\u00e0ng, \u0111\u00e3 qua ki\u1ec3m \u0111\u1ecbnh, c\u00f3 gi\u1ea5y ph\u00e9p l\u01b0u h\u00e0nh c\u1ee7a c\u01a1 quan ch\u1ee9c n\u0103ng nh\u1eb1m \u0111\u1ea3m b\u1ea3o an to\u00e0n s\u1ee9c kh\u1ecfe cho con ng\u01b0\u1eddi<\/li>\n<li>V\u00ec ch\u00fang t\u00f4i c\u00f3\u00a0<strong>d\u1ecbch v\u1ee5 di\u1ec7t gi\u00e1n gi\u00e1 r\u1ebb, di\u1ec7t gi\u00e1n trong t\u1ee7 qu\u1ea7n \u00e1o<\/strong>\u00a0ph\u00f9 h\u1ee3p v\u1edbi m\u1eb7t b\u1eb1ng thu nh\u1eadp c\u1ee7a ng\u01b0\u1eddi d\u00e2n Vi\u1ec7t Nam<\/li>\n<li>V\u00ec ch\u00fang t\u00f4i c\u00f3 quy tr\u00ecnh di\u1ec7t gi\u00e1n khoa h\u1ecdc, ph\u00f9 h\u1ee3p v\u1edbi t\u00ecnh h\u00ecnh th\u1ef1c t\u1ebf c\u1ee7a m\u1ed7i kh\u00e1ch h\u00e0ng, \u0111\u1ea3m b\u1ea3o di\u1ec7t t\u1eadn g\u1ed1c t\u1ea5t c\u1ea3 c\u00e1c lo\u1ea1i gi\u00e1n kh\u00e1c nhau, bao g\u1ed3m c\u1ea3 lo\u00e0i c\u1ee9ng \u0111\u1ea7u nh\u01b0 gi\u00e1n \u0110\u1ee9c.<\/li>\n<\/ul>\n<p style=\"text-align: justify;\">Ch\u00fang t\u00f4i v\u1edbi nhi\u1ec1u n\u0103m kinh nghi\u1ec7m, c\u00f9ng \u0111\u1ed9i ng\u0169 k\u1ef9 thu\u1eadt t\u1eadn t\u00ecnh s\u1ebd ch\u0103m s\u00f3c v\u00e0 ph\u1ee5c v\u1ee5 t\u01b0 v\u1ea5n qu\u00fd kh\u00e1ch di\u1ec7t gi\u00e1n t\u1eadn g\u1ed1c, m\u1ed9t c\u00e1ch nhanh, hi\u1ec7u qu\u1ea3 nh\u1ea5t t\u1ea1i t\u1ea5t c\u1ea3\u00a0 c\u00e1c qu\u1eadn huy\u1ec7n trong \u0111\u1ecba b\u00e0n th\u00e0nh ph\u1ed1 H\u00e0 N\u1ed9i\u00a0 v\u00e0 v\u00e0 c\u00e1c t\u00ecnh th\u00e0nh kh\u00e1c trong c\u1ea3 n\u01b0\u1edbc.<\/p>\n<div id=\"attachment_328\" style=\"width: 970px\" class=\"wp-caption aligncenter\"><img aria-describedby=\"caption-attachment-328\" decoding=\"async\" loading=\"lazy\" class=\"size-full wp-image-328\" src=\"http:\/\/dietcontrung24h.com.vn\/wp-content\/uploads\/2018\/11\/diet-gian-4.jpg\" alt=\"\" width=\"960\" height=\"1280\" srcset=\"https:\/\/dietcontrung24h.com.vn\/wp-content\/uploads\/2018\/11\/diet-gian-4.jpg 960w, https:\/\/dietcontrung24h.com.vn\/wp-content\/uploads\/2018\/11\/diet-gian-4-225x300.jpg 225w, https:\/\/dietcontrung24h.com.vn\/wp-content\/uploads\/2018\/11\/diet-gian-4-768x1024.jpg 768w\" sizes=\"(max-width: 960px) 100vw, 960px\" \/><p id=\"caption-attachment-328\" class=\"wp-caption-text\">Phun thu\u1ed1c di\u1ec7t gi\u00e1n \u0110\u1ee9c t\u1ea1i nh\u00e0<\/p><\/div>\n<h3 style=\"text-align: justify;\"><strong>* Quy tr\u00ecnh di\u1ec7t gi\u00e1n t\u1ea1i \u00a0C\u00f4ng ty Di\u1ec7t c\u00f4n tr\u00f9ng An B\u00ecnh:<\/strong><\/h3>\n<div class=\"su-list su-list-style-\" style=\"text-align: justify;\">\n<ul>\n<li><i class=\"fa fa-arrow-circle-right\"><\/i>Ti\u1ebfp nh\u1eadn th\u00f4ng tin<\/li>\n<li><i class=\"fa fa-arrow-circle-right\"><\/i>\u0110i\u1ec1u ph\u1ed1i k\u1ef9 thu\u1eadt vi\u00ean t\u1edbi \u0111\u1ecba ch\u1ec9 kh\u00e1ch h\u00e0ng cung c\u1ea5p \u0111\u1ec3 kh\u1ea3o s\u00e1t t\u00ecnh h\u00ecnh th\u1ef1c t\u1ebf<\/li>\n<li><i class=\"fa fa-arrow-circle-right\"><\/i>L\u1eadp k\u1ebf ho\u1ea1ch di\u1ec7t gi\u00e1n ph\u00f9 h\u1ee3p v\u1edbi th\u1ef1c tr\u1ea1ng v\u00e0 th\u1ed1ng nh\u1ea5t k\u1ebf ho\u1ea1ch, b\u00e1o gi\u00e1 v\u1edbi kh\u00e1ch h\u00e0ng tr\u01b0\u1edbc khi tri\u1ec3n khai<\/li>\n<li><i class=\"fa fa-arrow-circle-right\"><\/i>K\u00fd h\u1ee3p \u0111\u1ed3ng d\u1ecbch v\u1ee5<\/li>\n<li><i class=\"fa fa-arrow-circle-right\"><\/i>Ti\u1ebfn h\u00e0nh di\u1ec7t gi\u00e1n<\/li>\n<li><i class=\"fa fa-arrow-circle-right\"><\/i>B\u00e1o c\u00e1o k\u1ebft qu\u1ea3, nghi\u1ec7m thu v\u00e0 thanh l\u00fd h\u1ee3p \u0111\u1ed3ng<\/li>\n<\/ul>\n<\/div>\n<h3 style=\"text-align: justify;\"><strong>* Ph\u01b0\u01a1ng ph\u00e1p di\u1ec7t gi\u00e1n c\u1ee7a An B\u00ecnh:<\/strong><\/h3>\n<p style=\"text-align: justify;\">\u2013 V\u1edbi gi\u00e1n th\u01b0\u1eddng:<\/p>\n<p style=\"text-align: justify;\">Sau khi x\u00e1c \u0111\u1ecbnh \u0111\u01b0\u1ee3c t\u00ecnh h\u00ecnh c\u1ee5 th\u1ec3, bao g\u1ed3m s\u1ed1 l\u01b0\u1ee3ng, m\u1eadt \u0111\u1ed9, ph\u1ea1m vi ho\u1ea1t \u0111\u1ed9ng v\u00e0 m\u1ee9c \u0111\u1ed9 ph\u00e1 ho\u1ea1i c\u1ee7a gi\u00e1n, An B\u00ecnh s\u1ebd pha thu\u1ed1c di\u1ec7t gi\u00e1n chuy\u00ean d\u1ee5ng theo t\u1ec9 l\u1ec7 th\u00edch h\u1ee3p v\u00e0 ti\u1ebfn h\u00e0nh phun thu\u1ed1c di\u1ec7t gi\u00e1n tr\u1ef1c ti\u1ebfp v\u00e0 phun t\u1ed3n l\u01b0u nh\u1eb1m t\u0103ng c\u01b0\u1eddng hi\u1ec7u qu\u1ea3, \u0111\u1ed3ng th\u1eddi ng\u0103n kh\u00f4ng cho ch\u00fang quay tr\u1edf l\u1ea1i.<\/p>\n<p style=\"text-align: justify;\">\u2013 V\u1edbi gi\u00e1n \u0110\u1ee9c:<\/p>\n<p style=\"text-align: justify;\">\u0110\u1ed1i v\u1edbi gi\u00e1n \u0110\u1ee9c th\u00ec c\u1ea7n k\u1ebft h\u1ee3p phun thu\u1ed1c v\u00e0 \u0111\u1eb7t b\u1ea3 sinh h\u1ecdc m\u1edbi c\u00f3 th\u1ec3 \u0111\u1ea3m b\u1ea3o \u0111\u01b0\u1ee3c hi\u1ec7u qu\u1ea3, b\u1edfi ch\u00fang di chuy\u1ec3n nhanh, l\u1ea9n tr\u1ed1n gi\u1ecfi, r\u1ea5t kh\u00f3 \u0111\u1ec3 c\u00f3 th\u1ec3 ti\u00eau di\u1ec7t tr\u1ef1c ti\u1ebfp. \u0110\u1ed1i v\u1edbi m\u1ed9t s\u1ed1 h\u00ecnh th\u1ee9c kinh doanh \u0111\u1eb7c th\u00f9 ho\u1eb7c h\u1ed9 gia \u0111\u00ecnh m\u00e0 kh\u00f4ng th\u1ec3 ti\u1ebfn h\u00e0nh theo h\u00ecnh th\u1ee9c phun thu\u1ed1c \u0111\u01b0\u1ee3c th\u00ec \u0111\u1eb7t b\u1ea3 ch\u00ednh l\u00e0 ph\u01b0\u01a1ng ph\u00e1p di\u1ec7t gi\u00e1n \u0111\u1ee9c\u00a0\u0111\u01b0\u1ee3c \u01b0u ti\u00ean, ph\u01b0\u01a1ng ph\u00e1p n\u00e0y c\u00f3 \u01b0u \u0111i\u1ec3m l\u00e0 nh\u1edd t\u1eadn d\u1ee5ng \u0111\u01b0\u1ee3c t\u1eadp t\u00ednh chia s\u1ebb th\u1ee9c \u0103n c\u1ee7a ch\u00fang, ti\u00eau di\u1ec7t ch\u00fang theo c\u01a1 ch\u1ebf l\u00e2y nhi\u1ec5m.<\/p>\n<p style=\"text-align: justify;\">L\u01b0u \u00fd: \u00a0C\u00f4ng ty An B\u00ecnh c\u00f3 b\u1ea3o h\u00e0nh d\u00e0i h\u1ea1n, gi\u00fap kh\u00e1ch h\u00e0ng x\u1eed l\u00fd gi\u00e1n c\u00f2n s\u00f3t l\u1ea1i do kh\u00e1ng thu\u1ed1c ho\u1eb7c m\u1ed9t v\u00e0i nguy\u00ean nh\u00e2n kh\u00e1ch quan kh\u00e1c. Ngo\u00e0i ra, An B\u00ecnh c\u00f2n h\u1ed7 tr\u1ee3 thu gom, x\u1eed l\u00fd x\u00e1c gi\u00e1n sau khi di\u1ec7t xong. Do \u0111\u00f3, kh\u00e1ch h\u00e0ng c\u00f3 th\u1ec3 y\u00ean t\u00e2m s\u1eed d\u1ee5ng d\u1ecbch v\u1ee5 c\u1ee7a c\u00f4ng ty.<\/p>\n<p style=\"text-align: justify;\">\n<p style=\"text-align: justify;\">Cu\u1ed1i c\u00f9ng, sau khi\u00a0<strong>di\u1ec7t gi\u00e1n<\/strong>\u00a0xong, \u0111\u1eebng qu\u00ean d\u1ecdn d\u1eb9p nh\u00e0 c\u1eeda th\u01b0\u1eddng xuy\u00ean, gi\u1eef g\u00ecn kh\u00f4ng gian s\u1ed1ng s\u1ea1ch s\u1ebd, trong l\u00e0nh \u0111\u1ec3 ng\u00f4i nh\u00e0 c\u1ee7a b\u1ea1n kh\u00f4ng c\u00f2n l\u00e0 m\u00f4i tr\u01b0\u1eddng y\u00eau th\u00edch c\u1ee7a lo\u00e0i c\u00f4ng tr\u00f9ng \u0111\u00e1ng gh\u00e9t n\u00e0y n\u1eefa nh\u00e9!<\/p>\n<p><strong>Hotline:\u00a00387 834 592\u00a0<\/strong><\/p>\n","protected":false},"excerpt":{"rendered":"<p>DI\u1ec6T GI\u00c1N Di\u1ec7t c\u00f4n tr\u00f9ng An B\u00ecnh t\u1ef1 h\u00e0o mang t\u1edbi s\u1ef1 b\u00ecnh y\u00ean cho h\u00e0ng ngh\u00ecn gia \u0111\u00ecnh, nh\u00e0 h\u00e0ng, kh\u00e1ch s\u1ea1n\u2026 tr\u00ean c\u1ea3 n\u01b0\u1edbc v\u1edbi d\u1ecbch v\u1ee5\u00a0di\u1ec7t gi\u00e1n\u00a0t\u1eadn g\u1ed1c, bao g\u1ed3m c\u1ea3 gi\u00e1n \u0110\u1ee9c, m\u1ed9t trong nh\u1eefng lo\u1ea1i c\u00f4n tr\u00f9ng c\u1ee9ng \u0111\u1ea7u, kh\u00f3 x\u1eed l\u00fd nh\u1ea5t hi\u1ec7n nay. T\u1ed5ng quan v\u1ec1 lo\u00e0i gi\u00e1n [&hellip;]<\/p>\n","protected":false},"author":1,"featured_media":0,"parent":0,"menu_order":0,"comment_status":"closed","ping_status":"closed","template":"","meta":[],"_links":{"self":[{"href":"https:\/\/dietcontrung24h.com.vn\/index.php?rest_route=\/wp\/v2\/pages\/77"}],"collection":[{"href":"https:\/\/dietcontrung24h.com.vn\/index.php?rest_route=\/wp\/v2\/pages"}],"about":[{"href":"https:\/\/dietcontrung24h.com.vn\/index.php?rest_route=\/wp\/v2\/types\/page"}],"author":[{"embeddable":true,"href":"https:\/\/dietcontrung24h.com.vn\/index.php?rest_route=\/wp\/v2\/users\/1"}],"replies":[{"embeddable":true,"href":"https:\/\/dietcontrung24h.com.vn\/index.php?rest_route=%2Fwp%2Fv2%2Fcomments&post=77"}],"version-history":[{"count":6,"href":"https:\/\/dietcontrung24h.com.vn\/index.php?rest_route=\/wp\/v2\/pages\/77\/revisions"}],"predecessor-version":[{"id":465,"href":"https:\/\/dietcontrung24h.com.vn\/index.php?rest_route=\/wp\/v2\/pages\/77\/revisions\/465"}],"wp:attachment":[{"href":"https:\/\/dietcontrung24h.com.vn\/index.php?rest_route=%2Fwp%2Fv2%2Fmedia&parent=77"}],"curies":[{"name":"wp","href":"https:\/\/api.w.org\/{rel}","templated":true}]}}