{"id":78,"date":"2018-10-24T02:40:01","date_gmt":"2018-10-24T02:40:01","guid":{"rendered":"http:\/\/dietcontrung24h.com.vn\/?page_id=78"},"modified":"2022-10-07T08:55:56","modified_gmt":"2022-10-07T08:55:56","slug":"diet-muoi","status":"publish","type":"page","link":"https:\/\/dietcontrung24h.com.vn\/?page_id=78","title":{"rendered":"Di\u1ec7t mu\u1ed7i"},"content":{"rendered":"<h2 class=\"gach\" style=\"text-align: justify;\"><strong><span style=\"color: #00a859; font-size: 24px;\">DI\u1ec6T MU\u1ed6I<\/span><\/strong><\/h2>\n<p style=\"text-align: justify;\">V\u1edbi nhi\u1ec1u n\u0103m kinh nghi\u1ec7m trong l\u0129nh v\u1ef1c\u00a0di\u1ec7t c\u00f4n tr\u00f9ng, v\u1edbi h\u1ec7 th\u1ed1ng trang thi\u1ebft b\u1ecb hi\u1ec7n \u0111\u1ea1i v\u00e0 \u0111\u1ed9i ng\u0169 k\u1ef9 thu\u1eadt vi\u00ean tr\u00ecnh \u0111\u1ed9 cao\u2026Di\u1ec7t c\u00f4n tr\u00f9ng An B\u00ecnh t\u1ef1 h\u00e0o mang \u0111\u1ebfn cho ng\u01b0\u1eddi d\u00e2n\u00a0<strong>d\u1ecbch v\u1ee5 di\u1ec7t mu\u1ed7i<\/strong>\u00a0uy t\u00edn h\u00e0ng \u0111\u1ea7u t\u1ea1i Vi\u1ec7t Nam.<\/p>\n<h2 style=\"text-align: justify;\"><strong>V\u00ec sao ph\u1ea3i di\u1ec7t mu\u1ed7i?<\/strong><\/h2>\n<p style=\"text-align: justify;\">Mu\u1ed7i l\u00e0 lo\u00e0i c\u00f4n tr\u00f9ng ph\u1ed5 bi\u1ebfn, xu\u1ea5t hi\u1ec7n \u1edf kh\u1eafp m\u1ecdi n\u01a1i tr\u00ean th\u1ebf gi\u1edbi v\u00e0 ch\u00fang t\u1ed3n t\u1ea1i b\u1eb1ng c\u00e1ch h\u00fat m\u00e1u \u0111\u1ed9ng v\u1eadt s\u1ed1ng, trong \u0111\u00f3 c\u00f3 con ng\u01b0\u1eddi. B\u1ea5t ch\u1ea5p nh\u1eefng n\u1ed7 l\u1ef1c\u00a0<strong>di\u1ec7t tr\u1eeb mu\u1ed7i<\/strong>\u00a0kh\u00f4ng m\u1ec7t m\u1ecfi v\u1edbi v\u00f4 s\u1ed1 c\u00e1c bi\u1ec7n ph\u00e1p kh\u00e1c nhau, lo\u00e0i c\u00f4n tr\u00f9ng n\u00e0y v\u1eabn sinh s\u00f4i, ph\u00e1t tri\u1ec3n kh\u00f4ng ng\u1eebng v\u00e0 tr\u1edf th\u00e0nh m\u1ed1i \u0111e d\u1ecda to l\u1edbn c\u1ee7a to\u00e0n nh\u00e2n lo\u1ea1i.<\/p>\n<p style=\"text-align: justify;\">Gi\u00e1m \u0111\u1ed1c Trung t\u00e2m Ki\u1ec3m so\u00e1t v\u00e0 Ph\u00f2ng tr\u00e1nh D\u1ecbch b\u1ec7nh M\u1ef9, ti\u1ebfn s\u0129 Tom Frieden nh\u1eadn \u0111\u1ecbnh, mu\u1ed7i ch\u00ednh l\u00e0 \u201cs\u00e1t th\u1ee7\u201d \u0111\u00e1ng s\u1ee3 nh\u1ea5t, s\u1ed1 ng\u01b0\u1eddi thi\u1ec7t m\u1ea1ng v\u00ec mu\u1ed7i nhi\u1ec1u h\u01a1n b\u1ea5t c\u1ee9 lo\u00e0i \u0111\u1ed9ng v\u1eadt n\u00e0o kh\u00e1c. C\u1ee5 th\u1ec3, mu\u1ed7i l\u00e0 trung gian l\u00e0m l\u00e2y lan, b\u00f9ng ph\u00e1t c\u00e1c d\u1ecbch b\u1ec7nh truy\u1ec1n nhi\u1ec5m nguy hi\u1ec3m nh\u01b0 s\u1ed1t r\u00e9t, s\u1ed1t xu\u1ea5t huy\u1ebft, s\u1ed1t v\u00e0ng da v\u00e0 virus Zika, nh\u1eefng c\u0103n b\u1ec7nh \u0111e d\u1ecda nghi\u00eam tr\u1ecdng s\u1ee9c kh\u1ecfe, th\u1eadm ch\u00ed t\u00ednh m\u1ea1ng c\u1ee7a con ng\u01b0\u1eddi. Ngay c\u1ea3 nh\u1eefng con mu\u1ed7i kh\u00f4ng mang m\u1ea7m b\u1ec7nh c\u0169ng v\u1eabn l\u00e0 n\u1ed7i phi\u1ec1n to\u00e1i kh\u00f4ng nh\u1ecf v\u00ec ti\u1ebfng \u201cvo ve\u201d m\u00e0 ch\u00fang ph\u00e1t ra hay v\u1ebft s\u01b0ng t\u1ea5y v\u00e0 c\u1ea3m gi\u00e1c \u0111au nh\u1ee9c, ng\u1ee9a ng\u00e1y t\u1eeb v\u1ebft \u0111\u1ed1t c\u1ee7a ch\u00fang \u0111\u1ec3 l\u1ea1i.<\/p>\n<p style=\"text-align: justify;\">\n<p style=\"text-align: justify;\">Ch\u00ednh v\u00ec l\u1ebd \u0111\u00f3 m\u00e0 mu\u1ed7i tr\u1edf th\u00e0nh m\u1ee5c ti\u00eau s\u1ed1 m\u1ed9t c\u1ee7a c\u00e1c c\u00f4ng ty s\u1ea3n xu\u1ea5t\u00a0<strong>thu\u1ed1c di\u1ec7t c\u00f4n tr\u00f9ng<\/strong>. C\u0169ng ch\u00ednh v\u00ec l\u1ebd \u0111\u00f3 m\u00e0 h\u00e0ng n\u0103m, c\u00e1c qu\u1ed1c gia tr\u00ean th\u1ebf gi\u1edbi \u0111\u1ec1u ph\u1ea3i t\u1ed5 ch\u1ee9c c\u00e1c \u0111\u1ee3t phun thu\u1ed1c di\u1ec7t mu\u1ed7i tr\u00ean di\u1ec7n r\u1ed9ng nh\u1eb1m ki\u1ec3m so\u00e1t kh\u00f4ng cho d\u1ecbch b\u1ec7nh l\u00e2y lan.<\/p>\n<h2 style=\"text-align: justify;\"><strong>Di\u1ec7t mu\u1ed7i b\u1eb1ng c\u00e1ch n\u00e0o?<\/strong><\/h2>\n<p style=\"text-align: justify;\">Tr\u00ean th\u1ef1c t\u1ebf, vi\u1ec7c lo\u1ea1i b\u1ecf tri\u1ec7t \u0111\u1ec3 lo\u00e0i c\u00f4n tr\u00f9ng n\u00e0y l\u00e0 nhi\u1ec7m v\u1ee5 b\u1ea5t kh\u1ea3 thi, song ch\u00fang ta v\u1eabn c\u00f3 th\u1ec3 h\u1ea1n ch\u1ebf s\u1ed1 l\u01b0\u1ee3ng v\u00e0 t\u1ed1c \u0111\u1ed9 sinh s\u00f4i c\u1ee7a ch\u00fang khi \u00e1p d\u1ee5ng \u0111\u00fang ph\u01b0\u01a1ng ph\u00e1p ph\u00f9 h\u1ee3p.<\/p>\n<div id=\"attachment_335\" style=\"width: 970px\" class=\"wp-caption aligncenter\"><img aria-describedby=\"caption-attachment-335\" decoding=\"async\" loading=\"lazy\" class=\"size-full wp-image-335\" src=\"http:\/\/dietcontrung24h.com.vn\/wp-content\/uploads\/2018\/11\/diet-muoi-2.jpg\" alt=\"\" width=\"960\" height=\"1280\" srcset=\"https:\/\/dietcontrung24h.com.vn\/wp-content\/uploads\/2018\/11\/diet-muoi-2.jpg 960w, https:\/\/dietcontrung24h.com.vn\/wp-content\/uploads\/2018\/11\/diet-muoi-2-225x300.jpg 225w, https:\/\/dietcontrung24h.com.vn\/wp-content\/uploads\/2018\/11\/diet-muoi-2-768x1024.jpg 768w\" sizes=\"(max-width: 960px) 100vw, 960px\" \/><p id=\"caption-attachment-335\" class=\"wp-caption-text\">phun thu\u1ed1c di\u1ec7t mu\u1ed7i \u0111\u1ecbnh k\u1ef3<\/p><\/div>\n<p style=\"text-align: justify;\">M\u1ed9t s\u1ed1 c\u00e1ch \u0111\u1ed1i ph\u00f3 v\u1edbi mu\u1ed7i hi\u1ec7u qu\u1ea3:<\/p>\n<p style=\"text-align: justify;\">\u2013 Lau d\u1ecdn nh\u00e0 c\u1eeda th\u01b0\u1eddng xuy\u00ean, gi\u1eef n\u01a1i \u1edf th\u00f4ng tho\u00e1ng, s\u1ea1ch s\u1ebd<\/p>\n<p style=\"text-align: justify;\">\u2013 Khai th\u00f4ng c\u1ed1ng r\u00e3nh, x\u1eed l\u00fd c\u00e1c v\u0169ng n\u01b0\u1edbc, h\u1ed1 n\u01b0\u1edbc \u0111\u1ecdng, \u0111\u1eady n\u1eafp c\u00e1c v\u1eadt d\u1ee5ng ch\u1ee9a n\u01b0\u1edbc (chum, v\u1ea1i, b\u1ec3\u2026) \u0111\u1ec3 kh\u1ed1ng ch\u1ebf tr\u1ee9ng, b\u1ecd g\u1eady, lo\u1ea1i b\u1ecf m\u00f4i tr\u01b0\u1eddng sinh s\u1ea3n c\u1ee7a mu\u1ed7i tr\u01b0\u1edfng th\u00e0nh<\/p>\n<p style=\"text-align: justify;\">\u2013 Ph\u00e1t quang b\u1ee5i r\u1eadm, nh\u1ed5 c\u1ecf trong v\u01b0\u1eddn v\u00e0 v\u1ee9t r\u00e1c th\u00e1i \u0111\u00fang n\u01a1i quy \u0111\u1ecbnh, khi\u1ebfn mu\u1ed7i kh\u00f4ng c\u00f3 n\u01a1i tr\u00fa ng\u1ee5<\/p>\n<p style=\"text-align: justify;\">\u2013 Tr\u1ed3ng c\u00e1c lo\u1ea1i c\u00e2y c\u00f3 t\u00e1c d\u1ee5ng xua \u0111u\u1ed5i c\u00f4n tr\u00f9ng \u1edf v\u01b0\u1eddn, tr\u01b0\u1edbc c\u1eeda nh\u00e0 nh\u01b0 C\u00fac V\u1ea1n Th\u1ecd, D\u1ea1 Lan H\u01b0\u01a1ng, Hoa Nh\u00e0i\u2026<\/p>\n<p style=\"text-align: justify;\">\u2013 T\u00edch c\u1ef1c ph\u1ed1i h\u1ee3p v\u1edbi c\u01a1 quan Y t\u1ebf d\u1ef1 ph\u00f2ng c\u1ee7a \u0111\u1ecba ph\u01b0\u01a1ng ho\u1eb7c c\u00e1c c\u00f4ng ty d\u1ecbch v\u1ee5 uy t\u00edn \u0111\u1ec3 th\u1ef1c hi\u1ec7n c\u00e1c \u0111\u1ee3t\u00a0<strong>phun thu\u1ed1c di\u1ec7t mu\u1ed7i<\/strong>\u00a0v\u00e0 c\u00f4n tr\u00f9ng \u0111\u1ecbnh k\u1ef3 theo khuy\u1ebfn c\u00e1o.<\/p>\n<div id=\"attachment_332\" style=\"width: 970px\" class=\"wp-caption aligncenter\"><img aria-describedby=\"caption-attachment-332\" decoding=\"async\" loading=\"lazy\" class=\"size-full wp-image-332\" src=\"http:\/\/dietcontrung24h.com.vn\/wp-content\/uploads\/2018\/11\/diet-muoi-3.jpg\" alt=\"\" width=\"960\" height=\"1280\" srcset=\"https:\/\/dietcontrung24h.com.vn\/wp-content\/uploads\/2018\/11\/diet-muoi-3.jpg 960w, https:\/\/dietcontrung24h.com.vn\/wp-content\/uploads\/2018\/11\/diet-muoi-3-225x300.jpg 225w, https:\/\/dietcontrung24h.com.vn\/wp-content\/uploads\/2018\/11\/diet-muoi-3-768x1024.jpg 768w\" sizes=\"(max-width: 960px) 100vw, 960px\" \/><p id=\"caption-attachment-332\" class=\"wp-caption-text\">Di\u1ec7t mu\u1ed7i t\u1ea1i nh\u00e0<\/p><\/div>\n<p style=\"text-align: justify;\">Ngo\u00e0i ra, khi ng\u1ee7 c\u1ea7n ch\u00fa \u00fd bu\u00f4ng m\u00e0n (m\u00f9ng), ra v\u01b0\u1eddn c\u1ea7n m\u1eb7c qu\u1ea7n \u00e1o d\u00e0i tay \u0111\u1ec3 mu\u1ed7i kh\u00f4ng c\u00f3 c\u01a1 h\u1ed9i t\u1ea5n c\u00f4ng. Khi b\u1ecb mu\u1ed7i \u0111\u1ed1t v\u00e0 nh\u1eadn th\u1ea5y c\u01a1 th\u1ec3 c\u00f3 c\u00e1c d\u1ea5u hi\u1ec7u b\u1ea5t th\u01b0\u1eddng, \u0111\u1eb7c bi\u1ec7t l\u00e0 trong giai \u0111o\u1ea1n c\u00e1c lo\u1ea1i d\u1ecbch b\u1ec7nh \u0111ang ho\u00e0nh h\u00e0nh th\u00ec n\u00ean nhanh ch\u00f3ng t\u1edbi c\u01a1 s\u1edf y t\u1ebf \u0111\u1ec3 \u0111\u01b0\u1ee3c kh\u00e1m v\u00e0 \u0111i\u1ec1u tr\u1ecb k\u1ecbp th\u1eddi.<\/p>\n<p style=\"text-align: justify;\">\n<h2 style=\"text-align: justify;\"><strong>Di\u1ec7t c\u00f4n tr\u00f9ng An B\u00ecnh \u2013 D\u1ecbch v\u1ee5 di\u1ec7t mu\u1ed7i uy t\u00edn, chuy\u00ean nghi\u1ec7p<\/strong><\/h2>\n<p style=\"text-align: justify;\">Hi\u1ec7n nay, c\u00f3 r\u1ea5t nhi\u1ec1u c\u00f4ng ty cung c\u1ea5p d\u1ecbch v\u1ee5 di\u1ec7t c\u00f4n tr\u00f9ng n\u00f3i chung v\u00e0 di\u1ec7t mu\u1ed7i n\u00f3i ri\u00eang, tuy nhi\u00ean, \u0111i\u1ec1u m\u00e0 kh\u00e1ch h\u00e0ng quan t\u00e2m l\u00e0 l\u00e0m th\u1ebf n\u00e0o \u0111\u1ec3 t\u00ecm \u0111\u01b0\u1ee3c \u0111\u00fang \u0111\u1ecba ch\u1ec9 uy t\u00edn, \u0111\u00e1ng tin c\u1eady, v\u1eeba \u0111\u1ea3m b\u1ea3o hi\u1ec7u qu\u1ea3 di\u1ec7t mu\u1ed7i, v\u1eeba \u0111\u1ea3m b\u1ea3o t\u00ednh an to\u00e0n cho con ng\u01b0\u1eddi, kh\u00f4ng g\u00e2y \u1ea3nh h\u01b0\u1edfng t\u1edbi m\u00f4i tr\u01b0\u1eddng, \u0111\u1ed3ng th\u1eddi \u0111\u01b0a ra m\u1ee9c gi\u00e1 ph\u00f9 h\u1ee3p l\u00fd. Theo \u0111\u00f3, \u00a0C\u00f4ng ty Di\u1ec7t c\u00f4n tr\u00f9ng An B\u00ecnh ch\u00ednh l\u00e0 s\u1ef1 l\u1ef1a ch\u1ecdn l\u00fd t\u01b0\u1edfng nh\u1ea5t.<\/p>\n<p style=\"text-align: justify;\"><strong>Quy tr\u00ecnh di\u1ec7t mu\u1ed7i t\u1ea1i An B\u00ecnh:<\/strong><\/p>\n<div class=\"su-list su-list-style-\" style=\"text-align: justify;\">\n<ul>\n<li><i class=\"fa fa-arrow-circle-right\"><\/i>B\u1ed9 ph\u1eadn ch\u0103m s\u00f3c kh\u00e1ch h\u00e0ng ti\u1ebfp nh\u1eadn th\u00f4ng tin, \u0111i\u1ec1u ph\u1ed1i k\u1ef9 thu\u1eadt vi\u00ean t\u1edbi t\u1eadn nh\u00e0 (ho\u1eb7c \u0111\u1ecba ch\u1ec9 nh\u00e0 kho, c\u00f4ng x\u01b0\u1edfng\u2026 m\u00e0 kh\u00e1ch h\u00e0ng cung c\u1ea5p) \u0111\u1ec3 tr\u1ef1c ti\u1ebfp kh\u1ea3o s\u00e1t, \u0111\u00e1nh gi\u00e1 t\u00ecnh tr\u1ea1ng m\u1ed9t c\u00e1ch ch\u00ednh x\u00e1c nh\u1ea5t.<\/li>\n<li><i class=\"fa fa-arrow-circle-right\"><\/i>L\u00ean ph\u01b0\u01a1ng \u00e1n di\u1ec7t mu\u1ed7i ph\u00f9 h\u1ee3p v\u1edbi t\u00ecnh h\u00ecnh th\u1ef1c t\u1ebf v\u00e0 th\u1ed1ng nh\u1ea5t chi ph\u00ed, th\u1eddi gian tri\u1ec3n khai v\u1edbi kh\u00e1ch h\u00e0ng.<\/li>\n<li><i class=\"fa fa-arrow-circle-right\"><\/i>K\u00fd k\u1ebft h\u1ee3p \u0111\u1ed3ng v\u00e0 ti\u1ebfn h\u00e0nh di\u1ec7t mu\u1ed7i.<\/li>\n<li><i class=\"fa fa-arrow-circle-right\"><\/i>Nghi\u1ec7m thu v\u00e0 ho\u00e0n t\u1ea5t th\u1ee7 t\u1ee5c thanh to\u00e1n theo th\u1ecfa thu\u1eadn.<\/li>\n<\/ul>\n<\/div>\n<div id=\"attachment_333\" style=\"width: 1010px\" class=\"wp-caption aligncenter\"><img aria-describedby=\"caption-attachment-333\" decoding=\"async\" loading=\"lazy\" class=\"size-full wp-image-333\" src=\"http:\/\/dietcontrung24h.com.vn\/wp-content\/uploads\/2018\/11\/diet-muoi-4.jpg\" alt=\"\" width=\"1000\" height=\"750\" srcset=\"https:\/\/dietcontrung24h.com.vn\/wp-content\/uploads\/2018\/11\/diet-muoi-4.jpg 1000w, https:\/\/dietcontrung24h.com.vn\/wp-content\/uploads\/2018\/11\/diet-muoi-4-300x225.jpg 300w, https:\/\/dietcontrung24h.com.vn\/wp-content\/uploads\/2018\/11\/diet-muoi-4-768x576.jpg 768w, https:\/\/dietcontrung24h.com.vn\/wp-content\/uploads\/2018\/11\/diet-muoi-4-463x348.jpg 463w\" sizes=\"(max-width: 1000px) 100vw, 1000px\" \/><p id=\"caption-attachment-333\" class=\"wp-caption-text\">Phun thu\u1ed1c di\u1ec7t mu\u1ed7i h\u1ed9 gia \u0111\u00ecnh<\/p><\/div>\n<p style=\"text-align: justify;\">Trong \u0111\u00f3, Di\u1ec7t c\u00f4n tr\u00f9ng An B\u00ecnh s\u1ebd tri\u1ec3n khai\u00a0<strong>phun thu\u1ed1c di\u1ec7t mu\u1ed7i<\/strong>\u00a0\u1edf c\u1ea3 kh\u00f4ng gian b\u00ean trong nh\u00e0 v\u00e0 b\u00ean ngo\u00e0i, g\u1ed3m nh\u00e0 v\u1ec7 sinh, v\u01b0\u1eddn c\u00e2y, chu\u1ed3ng tr\u1ea1i ch\u0103n nu\u00f4i (n\u1ebfu c\u00f3), c\u1ed1ng r\u1ea3nh, khu v\u1ef1c ch\u1ee9a r\u00e1c th\u1ea3i, xung quanh ao h\u1ed3\u2026 \u0110\u00e2y l\u00e0 b\u01b0\u1edbc r\u1ea5t quan tr\u1ecdng, gi\u00fap n\u00e2ng cao hi\u1ec7u qu\u1ea3 di\u1ec7t mu\u1ed7i v\u00e0 ng\u0103n ch\u00fang quay tr\u1edf l\u1ea1i. Tr\u01b0\u1eddng h\u1ee3p mu\u1ed7i xu\u1ea5t hi\u1ec7n tr\u1edf l\u1ea1i do kh\u00e1ng thu\u1ed1c ho\u1eb7c t\u1eeb khu v\u1ef1c kh\u00e1c x\u00e2m nh\u1eadp, C\u00f4ng ty s\u1eb5n s\u00e0ng b\u1ea3o h\u00e0nh, c\u1eed k\u1ef9 thu\u1eadt vi\u00ean t\u1edbi h\u1ed7 tr\u1ee3 x\u1eed l\u00fd k\u1ecbp th\u1eddi.<\/p>\n<p style=\"text-align: justify;\">Ch\u00fang t\u00f4i v\u1edbi nhi\u1ec1u n\u0103m kinh nghi\u1ec7m, c\u00f9ng \u0111\u1ed9i ng\u0169 k\u1ef9 thu\u1eadt t\u1eadn t\u00ecnh s\u1ebd ch\u0103m s\u00f3c v\u00e0 ph\u1ee5c v\u1ee5 t\u01b0 v\u1ea5n qu\u00fd kh\u00e1ch di\u1ec7t mu\u1ed7i, phun thu\u1ed1c di\u1ec7t mu\u1ed7i m\u1ed9t c\u00e1ch nhanh, hi\u1ec7u qu\u1ea3 nh\u1ea5t t\u1ea1i t\u1ea5t c\u1ea3\u00a0 c\u00e1c qu\u1eadn huy\u1ec7n trong \u0111\u1ecba b\u00e0n th\u00e0nh ph\u1ed1 H\u00e0 N\u1ed9i\u00a0 v\u00e0 nhi\u1ec1u t\u1ec9nh th\u00e0nh kh\u00e1c tr\u00ean c\u1ea3 n\u01b0\u1edbc.<\/p>\n<p style=\"text-align: justify;\">B\u00ean c\u1ea1nh quy tr\u00ecnh khoa h\u1ecdc v\u00e0 gi\u00e1 c\u1ea3 h\u1ee3p l\u00fd th\u00ec An B\u00ecnh c\u00f2n ghi \u0111i\u1ec3m nh\u1edd s\u1eed d\u1ee5ng trang thi\u1ebft b\u1ecb hi\u1ec7n \u0111\u1ea1i, v\u1edbi c\u00e1c lo\u1ea1i b\u00ecnh phun, m\u00e1y phun \u00e1p l\u1ef1c t\u00e2n ti\u1ebfn nh\u1ea5t. \u0110\u1eb7c bi\u1ec7t, An B\u00ecnh ch\u1ec9 s\u1eed d\u1ee5ng\u00a0<strong><em><u>thu\u1ed1c phun mu\u1ed7i<\/u><\/em><\/strong>\u00a0\u0111\u00e3 qua ki\u1ec3m \u0111\u1ecbnh, c\u00f3 gi\u1ea5y ph\u00e9p c\u1ee7a B\u1ed9 Y t\u1ebf, \u0111\u01b0\u1ee3c nh\u1eadp kh\u1ea9u t\u1eeb Anh, Ph\u00e1p, M\u1ef9, \u0110\u1ee9c\u2026 nh\u1eb1m \u0111\u1ea3m b\u1ea3o an to\u00e0n tuy\u1ec7t \u0111\u1ed1i cho con ng\u01b0\u1eddi c\u0169ng nh\u01b0 t\u00ednh th\u00e2n thi\u1ec7n v\u1edbi m\u00f4i tr\u01b0\u1eddng.<\/p>\n<p style=\"text-align: justify;\">Kh\u00f4ng nh\u1eefng th\u1ebf, \u0111\u1ed9i ng\u0169 nh\u00e2n vi\u00ean, k\u1ef9 thu\u1eadt vi\u00ean c\u1ee7a An B\u00ecnh \u0111\u1ec1u l\u00e0 nh\u1eefng ng\u01b0\u1eddi c\u00f3 tr\u00ecnh \u0111\u1ed9 chuy\u00ean m\u00f4n cao, nhi\u1ec7t t\u00ecnh, chu \u0111\u00e1o, phong c\u00e1ch l\u00e0m vi\u1ec7c chuy\u00ean nghi\u1ec7p, ch\u1eafc ch\u1eafn s\u1ebd mang t\u1edbi cho qu\u00fd kh\u00e1ch h\u00e0ng s\u1ef1 h\u00e0i l\u00f2ng tuy\u1ec7t \u0111\u1ed1i.<\/p>\n<p style=\"text-align: justify;\">\n<p style=\"text-align: justify;\">H\u00e3y \u0111\u1ebfn v\u1edbi d\u1ecbch v\u1ee5 di\u1ec7t mu\u1ed7i uy t\u00edn c\u1ee7a C\u00f4ng ty Di\u1ec7t c\u00f4n tr\u00f9ng An B\u00ecnh \u0111\u1ec3 c\u1ea3m nh\u1eadn s\u1ef1 kh\u00e1c bi\u1ec7t!<\/p>\n<p style=\"text-align: justify;\">\u2014\u2014\u2014\u2014\u2014\u2014\u2013<\/p>\n<p style=\"text-align: justify;\"><strong>C\u00f4ng ty di\u1ec7t c\u00f4n tr\u00f9ng An B\u00ecnh<\/strong><\/p>\n<p style=\"text-align: justify;\"><i class=\"fa fa-map-marker\"><\/i>\u00a0\u0110\u1ecba ch\u1ec9: S\u1ed1 287 X\u00f3m 3, Th\u00f4n 4, x\u00e3 Song Ph\u01b0\u01a1ng, huy\u1ec7n Ho\u00e0i \u0110\u1ee9c, H\u00e0 N\u1ed9i, Vi\u1ec7t Nam<\/p>\n<p style=\"text-align: justify;\"><i class=\"fa fa-phone\"><\/i><strong>\u00a0Hotline: 0387 834 592 <\/strong><\/p>\n","protected":false},"excerpt":{"rendered":"<p>DI\u1ec6T MU\u1ed6I V\u1edbi nhi\u1ec1u n\u0103m kinh nghi\u1ec7m trong l\u0129nh v\u1ef1c\u00a0di\u1ec7t c\u00f4n tr\u00f9ng, v\u1edbi h\u1ec7 th\u1ed1ng trang thi\u1ebft b\u1ecb hi\u1ec7n \u0111\u1ea1i v\u00e0 \u0111\u1ed9i ng\u0169 k\u1ef9 thu\u1eadt vi\u00ean tr\u00ecnh \u0111\u1ed9 cao\u2026Di\u1ec7t c\u00f4n tr\u00f9ng An B\u00ecnh t\u1ef1 h\u00e0o mang \u0111\u1ebfn cho ng\u01b0\u1eddi d\u00e2n\u00a0d\u1ecbch v\u1ee5 di\u1ec7t mu\u1ed7i\u00a0uy t\u00edn h\u00e0ng \u0111\u1ea7u t\u1ea1i Vi\u1ec7t Nam. V\u00ec sao ph\u1ea3i di\u1ec7t mu\u1ed7i? Mu\u1ed7i [&hellip;]<\/p>\n","protected":false},"author":1,"featured_media":0,"parent":0,"menu_order":0,"comment_status":"closed","ping_status":"closed","template":"","meta":[],"_links":{"self":[{"href":"https:\/\/dietcontrung24h.com.vn\/index.php?rest_route=\/wp\/v2\/pages\/78"}],"collection":[{"href":"https:\/\/dietcontrung24h.com.vn\/index.php?rest_route=\/wp\/v2\/pages"}],"about":[{"href":"https:\/\/dietcontrung24h.com.vn\/index.php?rest_route=\/wp\/v2\/types\/page"}],"author":[{"embeddable":true,"href":"https:\/\/dietcontrung24h.com.vn\/index.php?rest_route=\/wp\/v2\/users\/1"}],"replies":[{"embeddable":true,"href":"https:\/\/dietcontrung24h.com.vn\/index.php?rest_route=%2Fwp%2Fv2%2Fcomments&post=78"}],"version-history":[{"count":7,"href":"https:\/\/dietcontrung24h.com.vn\/index.php?rest_route=\/wp\/v2\/pages\/78\/revisions"}],"predecessor-version":[{"id":466,"href":"https:\/\/dietcontrung24h.com.vn\/index.php?rest_route=\/wp\/v2\/pages\/78\/revisions\/466"}],"wp:attachment":[{"href":"https:\/\/dietcontrung24h.com.vn\/index.php?rest_route=%2Fwp%2Fv2%2Fmedia&parent=78"}],"curies":[{"name":"wp","href":"https:\/\/api.w.org\/{rel}","templated":true}]}}