{"id":79,"date":"2018-10-24T02:40:07","date_gmt":"2018-10-24T02:40:07","guid":{"rendered":"http:\/\/dietcontrung24h.com.vn\/?page_id=79"},"modified":"2022-10-07T08:56:26","modified_gmt":"2022-10-07T08:56:26","slug":"diet-kien","status":"publish","type":"page","link":"https:\/\/dietcontrung24h.com.vn\/?page_id=79","title":{"rendered":"Di\u1ec7t ki\u1ebfn"},"content":{"rendered":"<h2 class=\"gach\" style=\"text-align: justify;\"><strong><span style=\"color: #00a859; font-size: 24px;\">DI\u1ec6T KI\u1ebeN<\/span><\/strong><\/h2>\n<p style=\"text-align: justify;\">Nh\u1eefng phi\u1ec1n to\u00e1i v\u00e0 nguy c\u01a1 \u0111e d\u1ecda s\u1ee9c kh\u1ecfe con ng\u01b0\u1eddi m\u00e0 lo\u00e0i ki\u1ebfn g\u00e2y ra s\u1ebd \u0111\u01b0\u1ee3c gi\u1ea3i quy\u1ebft tri\u1ec7t \u0111\u1ec3 v\u1edbi d\u1ecbch v\u1ee5\u00a0<strong>di\u1ec7t ki\u1ebfn<\/strong>\u00a0uy t\u00edn h\u00e0ng \u0111\u1ea7u c\u1ee7a An B\u00ecnh Pest Control.<\/p>\n<h2 style=\"text-align: justify;\"><strong>T\u1ea7m quan tr\u1ecdng c\u1ee7a vi\u1ec7c di\u1ec7t ki\u1ebfn<\/strong><\/h2>\n<p style=\"text-align: justify;\">Theo c\u00e1c t\u00e0i li\u1ec7u nghi\u00ean c\u1ee9u khoa h\u1ecdc th\u00ec ki\u1ebfn l\u00e0 lo\u1ea1i c\u00f4n tr\u00f9ng thu\u1ed9c b\u1ed9 C\u00e1nh m\u00e0ng, sinh s\u1ed1ng th\u00e0nh \u0111\u00e0n v\u1edbi s\u1ed1 l\u01b0\u1ee3ng c\u1ef1c k\u1ef3 \u0111\u00f4ng \u0111\u1ea3o, l\u00ean t\u1edbi h\u00e0ng tri\u1ec7u con. B\u1ea1n c\u00f3 th\u1ec3 b\u1eaft g\u1eb7p ch\u00fang \u1edf b\u1ea5t c\u1ee9 \u0111\u00e2u, t\u1eeb ph\u00f2ng ng\u1ee7, ph\u00f2ng kh\u00e1ch, nh\u00e0 b\u1ebfp, nh\u00e0 v\u1ec7 sinh, t\u1edbi v\u0103n ph\u00f2ng, kho b\u00e3i, x\u01b0\u1edfng s\u1ea3n xu\u1ea5t\u2026<\/p>\n<p style=\"text-align: justify;\">M\u1eb7c d\u00f9 c\u00f3 k\u00edch th\u01b0\u1edbc nh\u1ecf b\u00e9, song v\u1edbi s\u1ed1 l\u01b0\u1ee3ng \u0111\u00f4ng \u0111\u1ea3o v\u00e0 ch\u1ee7ng lo\u1ea1i \u0111a d\u1ea1ng, \u0111\u00e2y l\u00e0 lo\u00e0i c\u00f4n tr\u00f9ng g\u00e2y nhi\u1ec1u phi\u1ec1n to\u00e1i cho cu\u1ed9c s\u1ed1ng con ng\u01b0\u1eddi. Kh\u00f4ng ch\u1ec9 b\u00f2 ngang d\u1ecdc kh\u1eafp nh\u00e0 g\u00e2y kh\u00f3 ch\u1ecbu, m\u00e0 m\u1ed9t s\u1ed1 lo\u1ea1i ki\u1ebfn c\u00f2n c\u1eafn ng\u01b0\u1eddi, v\u1eadt nu\u00f4i, g\u00e2y \u0111au \u0111\u1edbn, s\u01b0ng t\u1ea5y tr\u00ean da, ho\u1eb7c t\u00e0n ph\u00e1 c\u00e2y c\u1ed1i, x\u00e2m ph\u1ea1m th\u1ef1c ph\u1ea9m, l\u00e0m l\u00e2y nhi\u1ec5m m\u1ea7m b\u1ec7nh nguy hi\u1ec3m\u2026 Th\u1eadm ch\u00ed, m\u1ed9t s\u1ed1 lo\u1ea1i ki\u1ec3n (\u0111i\u1ec3n h\u00ecnh nh\u01b0 ki\u1ebfn ba khoang) c\u00f2n ch\u1ee9a ch\u1ea5t c\u1ef1c \u0111\u1ed9c, c\u00f3 th\u1ec3 g\u00e2y t\u1eed vong n\u1ebfu kh\u00f4ng \u0111\u01b0\u1ee3c \u0111i\u1ec1u tr\u1ecb x\u1eed l\u00fd k\u1ecbp th\u1eddi.<\/p>\n<p style=\"text-align: justify;\"><img decoding=\"async\" loading=\"lazy\" class=\"aligncenter size-full wp-image-323\" src=\"http:\/\/dietcontrung24h.com.vn\/wp-content\/uploads\/2018\/11\/diet-kien-2.jpg\" alt=\"\" width=\"480\" height=\"260\" srcset=\"https:\/\/dietcontrung24h.com.vn\/wp-content\/uploads\/2018\/11\/diet-kien-2.jpg 480w, https:\/\/dietcontrung24h.com.vn\/wp-content\/uploads\/2018\/11\/diet-kien-2-300x163.jpg 300w\" sizes=\"(max-width: 480px) 100vw, 480px\" \/><\/p>\n<p style=\"text-align: justify;\">B\u00ean c\u1ea1nh \u0111\u00f3, ki\u1ebfn c\u0169ng l\u00e0 n\u1ed7i khi\u1ebfp s\u1ee3 \u0111\u1ed1i v\u1edbi c\u00e1c nh\u00e0 h\u00e0ng kinh doanh d\u1ecbch v\u1ee5 \u0103n u\u1ed1ng. Kh\u00f4ng \u00edt ng\u01b0\u1eddi bu\u1ed9c ph\u1ea3i v\u1ee9t b\u1ecf \u0111\u1ed3 \u0103n do b\u1ecb ki\u1ebfn b\u00e2u v\u00e0o, l\u00e0m \u1ea3nh h\u01b0\u1edfng t\u1edbi t\u00ednh th\u1ea9m m\u1ef9 v\u00e0 y\u1ebfu t\u1ed1 v\u1ec7 sinh an to\u00e0n th\u1ef1c ph\u1ea9m. Ch\u00ednh v\u00ec th\u1ebf m\u00e0\u00a0<strong>di\u1ec7t ki\u1ebfn t\u1eadn g\u1ed1c<\/strong>\u00a0\u0111\u01b0\u1ee3c xem l\u00e0 m\u1ed9t nhi\u1ec7m v\u1ee5 h\u1ebft s\u1ee9c quan tr\u1ecdng c\u1ea7n l\u01b0u t\u00e2m.<\/p>\n<p style=\"text-align: justify;\">\n<h2 style=\"text-align: justify;\"><strong>T\u1ef1 di\u1ec7t ki\u1ebfn hay d\u00f9ng d\u1ecbch v\u1ee5 chuy\u00ean nghi\u1ec7p?<\/strong><\/h2>\n<p style=\"text-align: justify;\">C\u00f3 r\u1ea5t nhi\u1ec1u lo\u1ea1i ki\u1ebfn kh\u00e1c nhau, song th\u01b0\u1eddng g\u1eb7p nh\u1ea5t ph\u1ea3i k\u1ec3 \u0111\u1ebfn ki\u1ebfn l\u1eeda, ki\u1ebfn gi\u00f3, ki\u1ebfn c\u00e1nh\u2026 v\u00e0 v\u00e0i n\u0103m tr\u1edf l\u1ea1i \u0111\u00e2y l\u00e0 ki\u1ebfn ba khoang, m\u1ed9t lo\u1ea1i c\u00f4n tr\u00f9ng ch\u1ee9a \u0111\u1ed9c c\u1ef1c k\u1ef3 nguy hi\u1ec3m. N\u1ebfu nh\u01b0 nh\u1eefng lo\u1ea1i ki\u1ebfn th\u00f4ng th\u01b0\u1eddng ch\u1ec9 g\u00e2y kh\u00f3 ch\u1ecbu, m\u1ea5t v\u1ec7 sinh hay g\u00e2y ng\u1ee9a ng\u00e1y khi b\u1ecb \u0111\u1ed1t th\u00ec ki\u1ebfn ba khoang \u0111\u1ec3 l\u1ea1i h\u1eadu qu\u1ea3 nghi\u00eam tr\u1ecdng h\u01a1n r\u1ea5t nhi\u1ec1u. V\u1ebft \u0111\u1ed1t c\u1ee7a ki\u1ebfn ba khoang c\u00f3 th\u1ec3 b\u1ecb nhi\u1ec5m tr\u00f9ng, s\u01b0ng t\u1ea5y, ho\u1ea1i t\u1eed, th\u1eadm ch\u00ed g\u00e2y s\u1ed1t v\u00e0 t\u1eed vong\u2026<\/p>\n<p style=\"text-align: justify;\">Trong d\u00e2n gian l\u01b0u truy\u1ec1n kh\u00e1 nhi\u1ec1u\u00a0<strong>ph\u01b0\u01a1ng ph\u00e1p di\u1ec7t ki\u1ebfn t\u1ea1i nh\u00e0<\/strong>\u00a0b\u1eb1ng c\u00e1c nguy\u00ean li\u1ec7u t\u1ef1 nhi\u00ean, \u0111\u1eb7t b\u1eaby b\u1eb1ng d\u1ee5ng c\u1ee5 th\u00f4 s\u01a1 ho\u1eb7c d\u00f9ng b\u00ecnh x\u1ecbt c\u00f4n tr\u00f9ng mini\u2026 \u01afu \u0111i\u1ec3m c\u1ee7a nh\u1eefng bi\u1ec7n ph\u00e1p n\u00e0y t\u1ea5t nhi\u00ean l\u00e0 ti\u1ebft ki\u1ec7m chi ph\u00ed, nh\u01b0ng t\u00ednh hi\u1ec7u qu\u1ea3 kh\u00f4ng cao, th\u1ef1c t\u1ebf ch\u1ec9 c\u00f3 t\u00e1c d\u1ee5ng v\u1edbi m\u1ed9t s\u1ed1 l\u01b0\u1ee3ng nh\u1ecf ho\u1eb7c \u0111u\u1ed5i ch\u00fang chuy\u1ec3n sang t\u1ed5 m\u1edbi.<\/p>\n<p style=\"text-align: justify;\">V\u00ec v\u1eady, c\u00e1ch t\u1ed1t nh\u1ea5t v\u1eabn l\u00e0 li\u00ean h\u1ec7 v\u1edbi\u00a0<strong>c\u00f4ng ty di\u1ec7t c\u00f4n tr\u00f9ng<em>\u00a0<\/em><\/strong>chuy\u00ean nghi\u1ec7p \u0111\u1ec3 \u0111\u01b0\u1ee3c h\u1ed7 tr\u1ee3 x\u1eed l\u00fd ki\u1ebfn tri\u1ec7t \u0111\u1ec3, s\u1edbm tr\u1ea3 l\u1ea1i cu\u1ed9c s\u1ed1ng b\u00ecnh y\u00ean cho gia \u0111\u00ecnh b\u1ea1n.<\/p>\n<h2 style=\"text-align: justify;\"><strong>D\u1ecbch v\u1ee5 di\u1ec7t ki\u1ebfn t\u1ea1i An B\u00ecnh \u2013 S\u1ef1 l\u1ef1a ch\u1ecdn l\u00fd t\u01b0\u1edfng<\/strong><\/h2>\n<p style=\"text-align: justify;\">M\u1eb7c d\u00f9 \u1edf Vi\u1ec7t Nam hi\u1ec7n nay c\u00f3 r\u1ea5t nhi\u1ec1u c\u00f4ng ty di\u1ec7t c\u00f4n tr\u00f9ng \u0111ang ho\u1ea1t \u0111\u1ed9ng, song An B\u00ecnh Pest Control v\u1eabn lu\u00f4n l\u00e0 s\u1ef1 l\u1ef1a ch\u1ecdn s\u1ed1 m\u1ed9t \u0111\u1ed1i v\u1edbi h\u00e0ng ng\u00e0n kh\u00e1ch h\u00e0ng t\u1ea1i H\u00e0 N\u1ed9i n\u00f3i ri\u00eang v\u00e0 kh\u1eafp c\u00e1c t\u1ec9nh th\u00e0nh c\u1ea3 n\u01b0\u1edbc n\u00f3i chung. C\u00f3 \u0111\u01b0\u1ee3c s\u1ef1 tin t\u01b0\u1edfng \u1ea5y l\u00e0 nh\u1edd An B\u00ecnh h\u1ed9i t\u1ee5 \u0111\u1ea7y \u0111\u1ee7 nh\u1eefng \u01b0u \u0111i\u1ec3m v\u01b0\u1ee3t tr\u1ed9i nh\u01b0:\u00a0<strong>gi\u00e1 di\u1ec7t ki\u1ebfn<\/strong>\u00a0r\u1ebb; hi\u1ec7u qu\u1ea3 cao, c\u00f3 ch\u1ebf \u0111\u1ed9 b\u1ea3o h\u00e0nh h\u1ee3p l\u00fd; \u0111\u1ed9i ng\u0169 k\u1ef9 thu\u1eadt vi\u00ean tr\u00ecnh \u0111\u1ed9 chuy\u00ean m\u00f4n cao, gi\u00e0u kinh nghi\u1ec7m, th\u00e1i \u0111\u1ed9 nhi\u1ec7t t\u00ecnh,\u00a0 tr\u00e1ch nhi\u1ec7m; trang b\u1ecb m\u00e1y m\u00f3c, ph\u01b0\u01a1ng ti\u1ec7n hi\u1ec7n \u0111\u1ea1i; quy tr\u00ecnh khoa h\u1ecdc; s\u1eed d\u1ee5ng\u00a0<strong>thu\u1ed1c di\u1ec7t ki\u1ebfn<em>\u00a0<\/em><\/strong>ch\u1ea5t l\u01b0\u1ee3ng, c\u00f3 ngu\u1ed3n g\u1ed1c xu\u1ea5t x\u1ee9 r\u00f5 r\u00e0ng v\u00e0 \u0111\u1ea3m b\u1ea3o c\u00e1c ti\u00eau chu\u1ea9n v\u1ec1 t\u00ednh an to\u00e0n cho con ng\u01b0\u1eddi v\u00e0 m\u00f4i tr\u01b0\u1eddng\u2026<\/p>\n<p style=\"text-align: justify;\">Ch\u00fang t\u00f4i s\u1ebd gi\u00fap qu\u00fd kh\u00e1ch di\u1ec7t t\u1ea5t c\u1ea3 c\u00e1c lo\u1ea1i ki\u1ebfn, m\u1ed9t c\u00e1ch nhanh, hi\u1ec7u qu\u1ea3 nh\u1ea5t t\u1ea1i t\u1ea5t c\u1ea3\u00a0 c\u00e1c qu\u1eadn huy\u1ec7n trong \u0111\u1ecba b\u00e0n th\u00e0nh ph\u1ed1 H\u00e0 N\u1ed9i\u00a0 v\u00e0 c\u00e1c t\u1ec9nh th\u00e0nh ph\u1ed1 kh\u00e1c tr\u00ean c\u1ea3 n\u01b0\u1edbc.<\/p>\n<div id=\"attachment_324\" style=\"width: 1290px\" class=\"wp-caption aligncenter\"><img aria-describedby=\"caption-attachment-324\" decoding=\"async\" loading=\"lazy\" class=\"size-full wp-image-324\" src=\"http:\/\/dietcontrung24h.com.vn\/wp-content\/uploads\/2018\/11\/diet-kien-3.jpg\" alt=\"\" width=\"1280\" height=\"960\" srcset=\"https:\/\/dietcontrung24h.com.vn\/wp-content\/uploads\/2018\/11\/diet-kien-3.jpg 1280w, https:\/\/dietcontrung24h.com.vn\/wp-content\/uploads\/2018\/11\/diet-kien-3-300x225.jpg 300w, https:\/\/dietcontrung24h.com.vn\/wp-content\/uploads\/2018\/11\/diet-kien-3-768x576.jpg 768w, https:\/\/dietcontrung24h.com.vn\/wp-content\/uploads\/2018\/11\/diet-kien-3-1024x768.jpg 1024w, https:\/\/dietcontrung24h.com.vn\/wp-content\/uploads\/2018\/11\/diet-kien-3-463x348.jpg 463w\" sizes=\"(max-width: 1280px) 100vw, 1280px\" \/><p id=\"caption-attachment-324\" class=\"wp-caption-text\">Phun thu\u1ed1c di\u1ec7t ki\u1ebfn<\/p><\/div>\n<p style=\"text-align: justify;\">\u0110\u1eb7c bi\u1ec7t, An B\u00ecnh Pest Control kh\u00f4ng d\u00f9ng ph\u01b0\u01a1ng ph\u00e1p phun x\u1ecbt th\u00f4ng th\u01b0\u1eddng, m\u00e0 \u00e1p d\u1ee5ng c\u00e1ch di\u1ec7t ki\u1ebfn m\u1edbi nh\u1ea5t, s\u1eed d\u1ee5ng b\u1ea3 ki\u1ebfn c\u00f4ng ngh\u1ec7 Nh\u1eadt B\u1ea3n, gi\u00fap n\u00e2ng cao t\u00ednh hi\u1ec7u qu\u1ea3 v\u00e0 \u0111\u1ed9 an to\u00e0n. V\u1edbi ph\u01b0\u01a1ng ph\u00e1p n\u00e0y, kh\u00f4ng ch\u1ec9 b\u00ean trong c\u0103n nh\u00e0 m\u00e0 c\u1ea3 ki\u1ebfn \u1edf c\u00e1c khu v\u1ef1c xung quanh, n\u01a1i ch\u00fang \u0111i ki\u1ebfm \u0111\u1ed3 \u0103n, th\u1ee9c u\u1ed1ng mang v\u1ec1 t\u1ed5\u2026 c\u0169ng s\u1ebd \u0111\u01b0\u1ee3c ki\u1ec3m so\u00e1t tri\u1ec7t \u0111\u1ec3.<\/p>\n<p style=\"text-align: justify;\">\u0110\u1eb7t\u00a0<strong>b\u1ea3 di\u1ec7t ki\u1ebfn<\/strong>\u00a0th\u1ef1c ch\u1ea5t l\u00e0 l\u1ee3i d\u1ee5ng t\u1eadp t\u00ednh b\u1ea7y \u0111\u00e0n c\u1ee7a ch\u00fang, l\u00e0m l\u00e2y nhi\u1ec5m ch\u1ea5t \u0111\u1ed9c \u0111\u1ec3 ti\u00eau di\u1ec7t tr\u1ecdn \u1ed5 thay v\u00ec \u0111\u1ed1i ph\u00f3 t\u1ea1m th\u1eddi nh\u01b0 c\u00e1c ph\u01b0\u01a1ng ph\u00e1p c\u0169.B\u00ean c\u1ea1nh \u0111\u00f3, sau khi di\u1ec7t ki\u1ebfn b\u1eb1ng b\u1ea3 th\u00e0nh c\u00f4ng, t\u00f9y v\u00e0o t\u00ecnh h\u00ecnh th\u1ef1c t\u1ebf m\u00e0 An B\u00ecnh c\u0169ng s\u1ebd ti\u1ebfn h\u00e0nh phun t\u1ed3n l\u01b0u \u0111\u1ec3 \u0111\u1ea3m b\u1ea3o hi\u1ec7u qu\u1ea3 l\u00e2u d\u00e0i, ng\u0103n kh\u00f4ng cho ch\u00fang quay tr\u1edf l\u1ea1i.<\/p>\n<p style=\"text-align: justify;\"><strong>* Quy tr\u00ecnh di\u1ec7t ki\u1ebfn t\u1ea1i An B\u00ecnh Pest Control:<\/strong><\/p>\n<div class=\"su-list su-list-style-\" style=\"text-align: justify;\">\n<ul>\n<li><i class=\"fa fa-arrow-circle-right\"><\/i>Ti\u1ebfp nh\u1eadn th\u00f4ng tin kh\u00e1ch h\u00e0ng<\/li>\n<li><i class=\"fa fa-arrow-circle-right\"><\/i>\u0110i\u1ec1u ph\u1ed1i chuy\u00ean vi\u00ean v\u1ec1 kh\u1ea3o s\u00e1t t\u00ecnh h\u00ecnh th\u1ef1c t\u1ebf<\/li>\n<li><i class=\"fa fa-arrow-circle-right\"><\/i>L\u1eadp k\u1ebf ho\u1ea1ch di\u1ec7t ki\u1ebfn ph\u00f9 h\u1ee3p v\u1edbi th\u1ef1c tr\u1ea1ng ki\u1ebfn x\u00e2m h\u1ea1i cho t\u1eebng kh\u00e1ch h\u00e0ng ri\u00eang<\/li>\n<li><i class=\"fa fa-arrow-circle-right\"><\/i>Th\u1ed1ng nh\u1ea5t k\u1ebf ho\u1ea1ch di\u1ec7t ki\u1ebfn v\u00e0 k\u00fd k\u1ebft h\u1ee3p \u0111\u1ed3ng d\u1ecbch v\u1ee5 v\u1edbi kh\u00e1ch h\u00e0ng<\/li>\n<li><i class=\"fa fa-arrow-circle-right\"><\/i>Ti\u1ebfn h\u00e0nh di\u1ec7t ki\u1ebfn<\/li>\n<li><i class=\"fa fa-arrow-circle-right\"><\/i>Ki\u1ec3m tra, nghi\u1ec7m thu, b\u00e1o c\u00e1o k\u1ebft qu\u1ea3 v\u00e0 thanh l\u00fd h\u1ee3p \u0111\u1ed3ng<\/li>\n<\/ul>\n<\/div>\n<p style=\"text-align: justify;\">* L\u01b0u \u00fd: \u0110\u1ec3 t\u0103ng c\u01b0\u1eddng v\u00e0 duy tr\u00ec hi\u1ec7u qu\u1ea3 di\u1ec7t ki\u1ebfn m\u1ed9t c\u00e1ch l\u00e2u d\u00e0i, ng\u01b0\u1eddi d\u00e2n c\u0169ng c\u1ea7n t\u00edch c\u1ef1c ph\u1ed1i h\u1ee3p b\u1eb1ng c\u00e1ch gi\u1eef g\u00ecn v\u1ec7 sinh nh\u00e0 c\u1eeda s\u1ea1ch s\u1ebd, b\u1ecdc k\u00edn th\u1ef1c ph\u1ea9m th\u1eeba, kh\u00f4ng \u0111\u1ec3 th\u1ee9c \u0103n r\u01a1i v\u00e3i lung tung, \u0111\u1eb7c bi\u1ec7t l\u00e0 \u0111\u1ed3 ng\u1ecdt. Khi b\u1ecb ki\u1ebfn ba khoang c\u1eafn, n\u1ebfu ph\u00e1t hi\u1ec7n nh\u1eefng d\u1ea5u hi\u1ec7u b\u1ea5t th\u01b0\u1eddng c\u1ea7n nhanh ch\u00f3ng t\u1edbi c\u01a1 s\u1edf y t\u1ebf \u0111\u1ec3 \u0111\u01b0\u1ee3c ki\u1ec3m tra, x\u1eed l\u00fd k\u1ecbp th\u1eddi, tr\u00e1nh ch\u1ee7 quan khi\u1ebfn t\u00ecnh h\u00ecnh nghi\u00eam tr\u1ecdng h\u01a1n.<\/p>\n<p style=\"text-align: justify;\">\n<p style=\"text-align: justify;\">Ngo\u00e0i di\u1ec7t ki\u1ebfn th\u00ec An B\u00ecnh Pest Control c\u00f2n cung c\u1ea5p r\u1ea5t nhi\u1ec1u d\u1ecbch v\u1ee5 \u0111a d\u1ea1ng kh\u00e1c nh\u01b0 di\u1ec7t m\u1ed1i,\u00a0ph\u00f2ng ch\u1ed1ng m\u1ed1i c\u00f4ng tr\u00ecnh x\u00e2y d\u1ef1ng, di\u1ec7t ru\u1ed3i, gi\u00e1n, b\u1ecd ch\u00e9t, di\u1ec7t chu\u1ed9t\u2026 V\u1edbi b\u1ea5t c\u1ee9 d\u1ecbch v\u1ee5 n\u00e0o, c\u00f4ng ty c\u0169ng \u0111\u1ec1u t\u1eadn t\u00e2m t\u1eadn l\u1ef1c nh\u1eb1m mang t\u1edbi cho kh\u00e1ch h\u00e0ng nh\u1eefng tr\u1ea3i nghi\u1ec7m t\u1ed1t nh\u1ea5t.<\/p>\n<p style=\"text-align: justify;\">An B\u00ecnh Pest Control \u2013 s\u1ef1 l\u1ef1a ch\u1ecdn l\u00fd t\u01b0\u1edfng.\/.<\/p>\n","protected":false},"excerpt":{"rendered":"<p>DI\u1ec6T KI\u1ebeN Nh\u1eefng phi\u1ec1n to\u00e1i v\u00e0 nguy c\u01a1 \u0111e d\u1ecda s\u1ee9c kh\u1ecfe con ng\u01b0\u1eddi m\u00e0 lo\u00e0i ki\u1ebfn g\u00e2y ra s\u1ebd \u0111\u01b0\u1ee3c gi\u1ea3i quy\u1ebft tri\u1ec7t \u0111\u1ec3 v\u1edbi d\u1ecbch v\u1ee5\u00a0di\u1ec7t ki\u1ebfn\u00a0uy t\u00edn h\u00e0ng \u0111\u1ea7u c\u1ee7a An B\u00ecnh Pest Control. T\u1ea7m quan tr\u1ecdng c\u1ee7a vi\u1ec7c di\u1ec7t ki\u1ebfn Theo c\u00e1c t\u00e0i li\u1ec7u nghi\u00ean c\u1ee9u khoa h\u1ecdc th\u00ec ki\u1ebfn l\u00e0 [&hellip;]<\/p>\n","protected":false},"author":1,"featured_media":0,"parent":0,"menu_order":0,"comment_status":"closed","ping_status":"closed","template":"","meta":[],"_links":{"self":[{"href":"https:\/\/dietcontrung24h.com.vn\/index.php?rest_route=\/wp\/v2\/pages\/79"}],"collection":[{"href":"https:\/\/dietcontrung24h.com.vn\/index.php?rest_route=\/wp\/v2\/pages"}],"about":[{"href":"https:\/\/dietcontrung24h.com.vn\/index.php?rest_route=\/wp\/v2\/types\/page"}],"author":[{"embeddable":true,"href":"https:\/\/dietcontrung24h.com.vn\/index.php?rest_route=\/wp\/v2\/users\/1"}],"replies":[{"embeddable":true,"href":"https:\/\/dietcontrung24h.com.vn\/index.php?rest_route=%2Fwp%2Fv2%2Fcomments&post=79"}],"version-history":[{"count":6,"href":"https:\/\/dietcontrung24h.com.vn\/index.php?rest_route=\/wp\/v2\/pages\/79\/revisions"}],"predecessor-version":[{"id":224,"href":"https:\/\/dietcontrung24h.com.vn\/index.php?rest_route=\/wp\/v2\/pages\/79\/revisions\/224"}],"wp:attachment":[{"href":"https:\/\/dietcontrung24h.com.vn\/index.php?rest_route=%2Fwp%2Fv2%2Fmedia&parent=79"}],"curies":[{"name":"wp","href":"https:\/\/api.w.org\/{rel}","templated":true}]}}