{"id":80,"date":"2018-10-24T02:40:12","date_gmt":"2018-10-24T02:40:12","guid":{"rendered":"http:\/\/dietcontrung24h.com.vn\/?page_id=80"},"modified":"2022-10-07T08:57:15","modified_gmt":"2022-10-07T08:57:15","slug":"diet-chuot","status":"publish","type":"page","link":"https:\/\/dietcontrung24h.com.vn\/?page_id=80","title":{"rendered":"Di\u1ec7t chu\u1ed9t"},"content":{"rendered":"<h2 class=\"gach\" style=\"text-align: justify;\"><strong><span style=\"color: #00a859; font-size: 24px;\">DI\u1ec6T CHU\u1ed8T<\/span><\/strong><\/h2>\n<p style=\"text-align: justify;\">An B\u00ecnh- c\u00f4ng ty chuy\u00ean cung c\u1ea5p d\u1ecbch v\u1ee5 di\u1ec7t chu\u1ed9t nhanh ch\u00f3ng, tri\u1ec7t \u0111\u1ec3, ti\u1ebft ki\u1ec7m<\/p>\n<p style=\"text-align: justify;\">V\u1edbi nhi\u1ec1u n\u0103m kinh nghi\u1ec7m trong ngh\u1ec1, hi\u1ec7n nay\u00a0<strong>d\u1ecbch v\u1ee5<\/strong><strong>\u00a0di\u1ec7t chu\u1ed9t<\/strong>\u00a0c\u1ee7a C\u00f4ng ty di\u1ec7t c\u00f4n tr\u00f9ng An B\u00ecnh \u0111\u00e3 v\u00e0 \u0111ang nh\u1eadn \u0111\u01b0\u1ee3c nhi\u1ec1u ph\u1ea3n h\u1ed3i t\u00edch c\u1ef1c c\u1ee7a kh\u00e1ch h\u00e0ng trong vi\u1ec7c di\u1ec7t chu\u1ed9t m\u1ed9t c\u00e1ch nhanh ch\u00f3ng, an to\u00e0n v\u00e0 tri\u1ec7t \u0111\u1ec3. D\u01b0\u1edbi \u0111\u00e2y, ch\u00fang t\u00f4i s\u1ebd cung c\u1ea5p \u0111\u1ebfn qu\u00fd kh\u00e1ch h\u00e0ng to\u00e0n b\u1ed9 th\u00f4ng tin chi ti\u1ebft \u0111\u1ec3 c\u00e1c b\u1ea1n tham kh\u1ea3o th\u00eam khi c\u00f3 nhu c\u1ea7u di\u1ec7t chu\u1ed9t hi\u1ec7u qu\u1ea3.<\/p>\n<p style=\"text-align: justify;\"><strong>T\u1ea1i sao c\u1ea7n di\u1ec7t chu\u1ed9t t\u1eadn g\u1ed1c?<\/strong><\/p>\n<p style=\"text-align: justify;\">Nh\u01b0 c\u00e1c b\u1ea1n \u0111\u00e3 bi\u1ebft, chu\u1ed9t l\u00e0 m\u1ed9t lo\u00e0i \u0111\u1ed9ng v\u1eadt c\u00f3 kh\u1ea3 n\u0103ng sinh tr\u01b0\u1edfng v\u00e0 ph\u00e1t tri\u1ec3n r\u1ea5t nhanh \u0111\u1ed3ng th\u1eddi n\u00f3 c\u0169ng mang l\u1ea1i nhi\u1ec1u \u0111i\u1ec1u b\u1ea5t l\u1ee3i trong qu\u00e1 tr\u00ecnh sinh ho\u1ea1t, s\u1ea3n xu\u1ea5t c\u1ee7a con ng\u01b0\u1eddi. V\u00ec v\u1eady ph\u1ea3i di\u1ec7t chu\u1ed9t\u00a0t\u1eadn g\u1ed1c do m\u1ed9t s\u1ed1 nguy\u00ean nh\u00e2n sau:<\/p>\n<ul style=\"text-align: justify;\">\n<li>Theo nghi\u00ean c\u1ee9u c\u1ee7a B\u1ec7nh vi\u1ec7n nhi\u1ec7t \u0111\u1edbi Trung \u01af\u01a1ng th\u00ec chu\u1ed9t c\u00f3 th\u1ec3 mang \u0111\u1ebfn 35 lo\u1ea1i b\u1ec7nh nguy hi\u1ec3m cho con ng\u01b0\u1eddi, c\u00f3 th\u1ec3 k\u1ec3 \u0111\u1ebfn nh\u01b0: d\u1ecbch h\u1ea1ch, c\u00e1c b\u1ec7nh do hantanvirus d\u1eabn \u0111\u1ebfn vi\u00eam ph\u1ed5i, s\u1ed1t xu\u1ea5t huy\u1ebft, v\u00e0ng da, c\u00e1c b\u1ec7nh v\u1ec1 h\u00f4 h\u1ea5p\u2026. Hi\u1ec7n nay c\u00e1c b\u1ec7nh l\u00e2y truy\u1ec1n do chu\u1ed9t \u0111\u1ec1u ch\u01b0a c\u00f3 v\u1eafc xin ph\u00f2ng ng\u1eeba n\u00ean vi\u1ec7c\u00a0<strong>b\u1eaby chu\u1ed9t<\/strong>\u00a0l\u00e0 v\u00f4 c\u00f9ng c\u1ea7n thi\u1ebft \u0111\u1ec3 gi\u1ea3m thi\u1ec3u c\u00e1c b\u1ec7nh t\u1eeb chu\u1ed9t g\u00e2y ra.<\/li>\n<\/ul>\n<div id=\"attachment_321\" style=\"width: 710px\" class=\"wp-caption aligncenter\"><img aria-describedby=\"caption-attachment-321\" decoding=\"async\" loading=\"lazy\" class=\"size-full wp-image-321\" src=\"http:\/\/dietcontrung24h.com.vn\/wp-content\/uploads\/2018\/11\/diet-chuot-2.jpg\" alt=\"\" width=\"700\" height=\"438\" srcset=\"https:\/\/dietcontrung24h.com.vn\/wp-content\/uploads\/2018\/11\/diet-chuot-2.jpg 700w, https:\/\/dietcontrung24h.com.vn\/wp-content\/uploads\/2018\/11\/diet-chuot-2-300x188.jpg 300w\" sizes=\"(max-width: 700px) 100vw, 700px\" \/><p id=\"caption-attachment-321\" class=\"wp-caption-text\">L\u00e2y truy\u1ec1n b\u1ec7nh d\u1ecbch t\u1eeb chu\u1ed9t sang ng\u01b0\u1eddi<\/p><\/div>\n<ul style=\"text-align: justify;\">\n<li>Chu\u1ed9t kh\u00f4ng ch\u1ec9 g\u00e2y \u1ea3nh h\u01b0\u1edfng nghi\u00eam tr\u1ecdng \u0111\u1ebfn s\u1ee9c kh\u1ecfe con ng\u01b0\u1eddi, m\u00e0 n\u00f3 l\u00e0 nguy\u00ean nh\u00e2n ch\u00ednh d\u1eabn \u0111\u1ebfn \u00f4 nhi\u1ec5m ngu\u1ed3n n\u01b0\u1edbc, \u00f4 nhi\u1ec5m ngu\u1ed3n th\u1ee9c \u0103n, mang \u0111\u1ebfn nhi\u1ec1u phi\u1ec1n to\u00e1i v\u00e0 s\u1ef1 kh\u00f3 ch\u1ecbu cho ng\u01b0\u1eddi d\u00e2n.<\/li>\n<li>Chu\u1ed9t chuy\u00ean c\u1eafn ph\u00e1 \u0111\u1ed3 \u0111\u1ea1c, \u0111\u1ee5c kho\u00e9t c\u00e1c c\u00f4ng tr\u00ecnh g\u00e2y n\u00ean nhi\u1ec1u t\u1ed5n th\u1ea5t l\u1edbn v\u1ec1 m\u1eb7t v\u1eadt ch\u1ea5t. Do thu\u1ed9c lo\u00e0i \u0111\u1ed9ng v\u1eadt g\u1eb7m nh\u1ea5m n\u00ean chu\u1ed9t c\u00f3 kh\u1ea3 n\u0103ng c\u1eafn ph\u00e1 t\u1ea5t c\u1ea3 c\u00e1c \u0111\u1ed3 \u0111\u1ea1c t\u1eeb l\u01b0\u01a1ng th\u1ef1c th\u1ef1c ph\u1ea9m, \u0111\u1ebfn c\u00e1c s\u1ea3n ph\u1ea9m t\u1eeb ch\u1ea5t li\u1ec7u g\u1ed7, nh\u1ef1a, kim lo\u1ea1i, b\u00ea t\u00f4ng\u2026 t\u1eeb \u0111\u00f3 g\u00e2y ra nhi\u1ec1u m\u1ed1i nguy hi\u1ec3m nh\u01b0 s\u1eadp c\u00e1c c\u00f4ng tr\u00ecnh, \u0111\u1ee9t \u0111\u01b0\u1eddng d\u00e2y \u0111i\u1ec7n, g\u1eb7p c\u1eafn t\u00e0i li\u1ec7u quan tr\u1ecdng\u2026..\u0110\u1ed1i v\u1edbi n\u00f4ng nghi\u1ec7p th\u00ec chu\u1ed9t ph\u00e1 ho\u1ea1i hoa m\u00e0u, ph\u00e1 ho\u1ea1i \u0111\u1ed3ng ru\u1ed9ng, t\u1ea1o c\u00e1c l\u1ed7 h\u1ed5ng g\u00e2y v\u1ee1 \u0111\u00ea\u2026.<\/li>\n<\/ul>\n<p style=\"text-align: justify;\">Nh\u01b0 v\u1eady, \u0111\u1ed1i v\u1edbi cu\u1ed9c s\u1ed1ng c\u1ee7a con ng\u01b0\u1eddi hi\u1ec7n nay, chu\u1ed9t l\u00e0 \u0111\u1ed9ng v\u1eadt v\u00f4 c\u00f9ng nguy hi\u1ec3m m\u00e0 n\u1ebfu ch\u00fang ta kh\u00f4ng\u00a0<strong>di\u1ec7t chu\u1ed9t hi\u1ec7u qu\u1ea3<\/strong>, tri\u1ec7t \u0111\u1ec3 th\u00ec s\u1ebd g\u00e2y \u1ea3nh h\u01b0\u1edfng r\u1ea5t l\u1edbn \u0111\u1ebfn \u0111\u1eddi s\u1ed1ng sinh ho\u1ea1t c\u1ee7a m\u1ecdi ng\u01b0\u1eddi.<\/p>\n<p style=\"text-align: justify;\">\n<p style=\"text-align: justify;\"><strong>M\u1ed9t s\u1ed1 c\u00e1ch b\u1eaby chu\u1ed9t ph\u1ed5 bi\u1ebfn hi\u1ec7n nay<\/strong><\/p>\n<p style=\"text-align: justify;\">Hi\u1ec7n nay, m\u1ecdi ng\u01b0\u1eddi th\u01b0\u1eddng s\u1eed d\u1ee5ng m\u1ed9t s\u1ed1 ph\u01b0\u01a1ng \u00e1n \u0111\u01a1n gi\u1ea3n \u0111\u1ec3 b\u1eaby chu\u1ed9t nh\u01b0 sau:<\/p>\n<ul>\n<li>S\u1eed d\u1ee5ng\u00a0<strong>thu\u1ed1c chu\u1ed9t<\/strong>: t\u1ea1i c\u00e1c khu v\u1ef1c \u0111\u1ed3ng ru\u1ed9ng ho\u1eb7c c\u00e1c \u1ed5 chu\u1ed9t l\u1edbn t\u1ea1i c\u00e1c nh\u00e0 h\u00e0ng, kh\u00e1ch s\u1ea1n, nh\u00e0 m\u00e1y\u2026 \u0111\u1ec3 di\u1ec7t chu\u1ed9t (di\u1ec7t chu\u1ed9t c\u1ed1ng, di\u1ec7t chu\u1ed9t ch\u00f9\u2026). Tuy nhi\u00ean n\u1ebfu c\u00e1c b\u1ea1n t\u1ef1 s\u1eed d\u1ee5ng thu\u1ed1c chu\u1ed9t s\u1ebd kh\u00f4ng mang l\u1ea1i hi\u1ec7u qu\u1ea3 cao, do n\u1ebfu kh\u00f4ng s\u1eed d\u1ee5ng v\u1edbi li\u1ec1u l\u01b0\u1ee3ng h\u1ee3p l\u00ed th\u00ec s\u1ebd d\u1eabn \u0111\u1ebfn vi\u1ec7c chu\u1ed9t quen m\u00f9i thu\u1ed1c ho\u1eb7c t\u0103ng s\u1ee9c \u0111\u1ec1 kh\u00e1ng v\u1edbi thu\u1ed1c.<\/li>\n<li>S\u1eed d\u1ee5ng b\u1eaby chu\u1ed9t: \u0111\u00e2y l\u00e0 ph\u01b0\u01a1ng \u00e1n \u0111\u01a1n gi\u1ea3n v\u00e0 c\u1ed5 x\u01b0a nh\u1ea5t, tuy nhi\u00ean hi\u1ec7n nay do ng\u01b0\u1eddi s\u1eed d\u1ee5ng v\u1eabn ch\u01b0a n\u1eafm \u0111\u01b0\u1ee3c c\u00e1ch \u0111\u1eb7t b\u1eaby \u0111\u00fang h\u01b0\u1edbng, ho\u1eb7c d\u00f9ng b\u1eaby chu\u1ed9t kh\u00f4ng \u0111\u00fang c\u00e1ch n\u00ean n\u1ebfu c\u00e1c b\u1ea1n t\u1ef1 s\u1eed d\u1ee5ng s\u1ebd kh\u00f4ng mang \u0111\u1ebfn hi\u1ec7u qu\u1ea3 nh\u01b0 mong mu\u1ed1n.<\/li>\n<li>S\u1eed d\u1ee5ng keo d\u00ednh, \u00e1p d\u1ee5ng khi b\u1ea1n mu\u1ed1n b\u1eaft chu\u1ed9t ,di\u1ec7t chu\u1ed9t trong nh\u00e0 hi\u1ec7u qu\u1ea3, \u0111\u00e2y c\u0169ng l\u00e0 m\u1ed9t gi\u1ea3i ph\u00e1p ti\u1ebft ki\u1ec7m, hi\u1ec7u qu\u1ea3, tuy nhi\u00ean s\u1ebd ch\u1ec9 th\u00e0nh c\u00f4ng v\u1edbi c\u00e1c lo\u1ea1i chu\u1ed9t nh\u1ecf, chu\u1ed9t \u0111\u1ed3ng.<\/li>\n<li>S\u1eed d\u1ee5ng \u0111i\u1ec7n \u0111\u1ec3 b\u1eaby chu\u1ed9t: \u0111\u00e2y l\u00e0 h\u00ecnh th\u1ee9c v\u00f4 c\u00f9ng nguy hi\u1ec3m tuy nhi\u00ean v\u1eabn c\u00f3 ng\u01b0\u1eddi s\u1eed d\u1ee5ng. B\u1edfi s\u1eed d\u1ee5ng c\u00e1ch di\u1ec7t chu\u1ed9t n\u00e0y s\u1ebd c\u00f3 th\u1ec3 g\u00e2y \u1ea3nh h\u01b0\u1edfng l\u1edbn \u0111\u1ebfn ch\u00ednh t\u00ednh m\u1ea1ng c\u1ee7a nh\u1eefng ng\u01b0\u1eddi xung quanh.<\/li>\n<\/ul>\n<div id=\"attachment_318\" style=\"width: 970px\" class=\"wp-caption aligncenter\"><img aria-describedby=\"caption-attachment-318\" decoding=\"async\" loading=\"lazy\" class=\"size-full wp-image-318\" src=\"http:\/\/dietcontrung24h.com.vn\/wp-content\/uploads\/2018\/11\/diet-chuot-3.jpg\" alt=\"\" width=\"960\" height=\"1280\" srcset=\"https:\/\/dietcontrung24h.com.vn\/wp-content\/uploads\/2018\/11\/diet-chuot-3.jpg 960w, https:\/\/dietcontrung24h.com.vn\/wp-content\/uploads\/2018\/11\/diet-chuot-3-225x300.jpg 225w, https:\/\/dietcontrung24h.com.vn\/wp-content\/uploads\/2018\/11\/diet-chuot-3-768x1024.jpg 768w\" sizes=\"(max-width: 960px) 100vw, 960px\" \/><p id=\"caption-attachment-318\" class=\"wp-caption-text\">Di\u1ec7t chu\u1ed9t t\u1ea1i nh\u00e0<\/p><\/div>\n<p style=\"text-align: justify;\">Chu\u1ed9t l\u00e0 lo\u00e0i \u0111\u1ed9ng v\u1eadt s\u1ed1ng theo b\u1ea7y \u0111\u00e0n ch\u00ednh v\u00ec v\u1eady, vi\u1ec7c\u00a0<strong>di\u1ec7t chu\u1ed9t hi\u1ec7u qu\u1ea3 nh\u1ea5t<\/strong>\u00a0c\u1ea7n \u0111\u01b0\u1ee3c ti\u1ebfn h\u00e0nh m\u1ed9t c\u00e1ch khoa h\u1ecdc, an to\u00e0n. Ngo\u00e0i vi\u1ec7c s\u1eed d\u1ee5ng ph\u01b0\u01a1ng ph\u00e1p di\u1ec7t chu\u1ed9t th\u00f4ng th\u01b0\u1eddng, ch\u00fang t\u00f4i khuy\u00ean b\u1ea1n n\u00ean t\u00ecm \u0111\u1ebfn nh\u1eefng\u00a0<strong>cong ty diet chuot<\/strong>\u00a0uy t\u00edn \u0111\u1ec3 b\u1eaby chu\u1ed9t m\u1ed9t c\u00e1ch tri\u1ec7t \u0111\u1ec3, ti\u1ebft ki\u1ec7m.<\/p>\n<p style=\"text-align: justify;\">\n<p style=\"text-align: justify;\"><strong>C\u00f4ng ty di\u1ec7t chu\u1ed9t t\u1ea1i h\u00e0 n\u1ed9i uy t\u00edn, gi\u00e1 r\u1ebb<\/strong><\/p>\n<p style=\"text-align: justify;\">Hi\u1ec7n nay, C\u00f4ng ty di\u1ec7t m\u1ed1i c\u00f4n tr\u00f9ng An B\u00ecnh chuy\u00ean cung c\u1ea5p d\u1ecbch v\u1ee5\u00a0<strong>di\u1ec7t chu\u1ed9t t\u1ea1i h\u00e0 n\u1ed9i\u00a0<\/strong>v\u00e0 c\u00e1c t\u1ec9nh l\u00e2n c\u1eadn uy t\u00edn, \u0111\u1ea3m b\u1ea3o di\u1ec7t chu\u1ed9t c\u1ed1ng, di\u1ec7t chu\u1ed9t ch\u00f9, di\u1ec7t chu\u1ed9t ph\u00e1 rau, di\u1ec7t chu\u1ed9t h\u1ea1i l\u00faa\u2026 m\u1ed9t c\u00e1ch nhanh ch\u00f3ng v\u00e0 ti\u1ebft ki\u1ec7m.<\/p>\n<p style=\"text-align: justify;\"><strong><em>An B\u00ecnh cung c\u1ea5p d\u1ecbch v\u1ee5 di\u1ec7t chu\u1ed9t t\u1ea1i c\u00e1c qu\u1eadn huy\u1ec7n H\u00e0 N\u1ed9i v\u00e0 c\u00e1c t\u1ec9nh l\u00e2n c\u1eadn \u1edf nhi\u1ec1u kh\u00f4ng gian:<\/em><\/strong><\/p>\n<ul style=\"text-align: justify;\">\n<li>Chuy\u00ean di\u1ec7t chu\u1ed9t t\u1ea1i c\u00e1c v\u0103n ph\u00f2ng, nh\u00e0 m\u00e1y s\u1ea3n xu\u1ea5t, x\u00ed nghi\u1ec7p, nh\u00e0 kho.<\/li>\n<li>Di\u1ec7t chu\u1ed9t cho c\u00e1c h\u1ed9 gia \u0111\u00ecnh, tr\u01b0\u1eddng h\u1ecdc, b\u1ec7nh vi\u1ec7n, c\u00f4ng vi\u00ean, si\u00eau th\u1ecb..<\/li>\n<li>Di\u1ec7t chu\u1ed9t trong c\u00e1c qu\u00e1n \u0103n, nh\u00e0 h\u00e0ng, c\u0103ng tin..<\/li>\n<li>Di\u1ec7t chu\u1ed9t v\u1edbi ph\u1ea1m vi r\u1ed9ng nh\u01b0 trong khu d\u00e2n c\u01b0, t\u1ea1i c\u00e1c m\u1ea3nh ru\u1ed9ng canh t\u00e1c, khu \u0111\u1ea5t tr\u1ed1ng \u0111ang thi c\u00f4ng\u2026..<\/li>\n<\/ul>\n<p style=\"text-align: justify;\"><strong><em>An B\u00ecnh lu\u00f4n th\u1ef1c hi\u1ec7n \u0111\u00fang quy tr\u00ecnh di\u1ec7t chu\u1ed9t theo ti\u00eau chu\u1ea9n<\/em><\/strong><\/p>\n<p style=\"text-align: justify;\">\u0110\u1ec3 qu\u00fd kh\u00e1ch h\u00e0ng an t\u00e2m h\u01a1n khi s\u1eed d\u1ee5ng\u00a0<strong>d\u1ecbch v\u1ee5 di\u1ec7t chu\u1ed9t<\/strong>\u00a0c\u1ee7a An B\u00ecnh, ch\u00fang t\u00f4i lu\u00f4n cam k\u1ebft th\u1ef1c hi\u1ec7n \u0111\u00fang quy tr\u00ecnh l\u00e0m vi\u1ec7c d\u01b0\u1edbi \u0111\u00e2y:<\/p>\n<p><img decoding=\"async\" loading=\"lazy\" class=\"aligncenter size-full wp-image-319\" src=\"http:\/\/dietcontrung24h.com.vn\/wp-content\/uploads\/2018\/11\/diet-chuot-4.jpg\" alt=\"\" width=\"960\" height=\"1280\" srcset=\"https:\/\/dietcontrung24h.com.vn\/wp-content\/uploads\/2018\/11\/diet-chuot-4.jpg 960w, https:\/\/dietcontrung24h.com.vn\/wp-content\/uploads\/2018\/11\/diet-chuot-4-225x300.jpg 225w, https:\/\/dietcontrung24h.com.vn\/wp-content\/uploads\/2018\/11\/diet-chuot-4-768x1024.jpg 768w\" sizes=\"(max-width: 960px) 100vw, 960px\" \/><\/p>\n<div class=\"su-list su-list-style-\" style=\"text-align: justify;\">\n<ul>\n<li><strong>B\u01b0\u1edbc 1<\/strong>: Ti\u1ebfp nh\u1eadn y\u00eau c\u1ea7u thu\u00ea b\u1eaft chu\u1ed9t, di\u1ec7t chu\u1ed9t, b\u1eaby chu\u1ed9t c\u1ee7a kh\u00e1ch h\u00e0ng. Sau \u0111\u00f3 \u0111\u1ebfn kh\u1ea3o s\u00e1t v\u1ecb tr\u00ed \u0111\u1ec3 x\u00e1c \u0111\u1ecbnh h\u01b0\u1edbng di chuy\u1ec3n c\u0169ng nh\u01b0 hang \u1ed5 ch\u00ednh c\u1ee7a chu\u1ed9t.<\/li>\n<li><i class=\"fa fa-arrow-circle-right\"><\/i><strong>B\u01b0\u1edbc 2<\/strong>: \u0110\u00e1nh gi\u00e1 t\u00ecnh h\u00ecnh v\u00e0 trao \u0111\u1ed5i v\u1edbi kh\u00e1ch h\u00e0ng v\u1ec1 ph\u01b0\u01a1ng \u00e1n x\u1eed l\u00ed t\u1ed1t nh\u1ea5t ( C\u00f3 th\u1ec3 \u0111\u1eb7t b\u1eaby, th\u1ea3 b\u1ea3.. t\u00f9y theo kh\u00f4ng gian di\u1ec7t chu\u1ed9t) v\u00e0 b\u00e1o gi\u00e1 cho kh\u00e1ch. Sau \u0111\u00f3 ti\u1ebfn h\u00e0nh \u0111\u1eb7t b\u1eaby chu\u1ed9t t\u1ea1i c\u00e1c v\u1ecb tr\u00ed li\u00ean quan nh\u1eb1m ti\u00eau di\u1ec7t tri\u1ec7t \u0111\u1ec3 chu\u1ed9t.<\/li>\n<li><i class=\"fa fa-arrow-circle-right\"><\/i><strong>B\u01b0\u1edbc 3<\/strong>: \u0110\u1eb7t thu\u1ed1c chu\u1ed9t theo li\u1ec1u l\u01b0\u1ee3ng h\u1ee3p l\u00ed (ho\u1eb7c \u0111\u1eb7t b\u1eaby theo \u0111\u00fang chi\u1ec1u chu\u1ed9t ch\u1ea1y) t\u1ea1i khu v\u1ef1c c\u1ea7n di\u1ec7t chu\u1ed9t v\u00e0 c\u00e1c v\u1ecb tr\u00ed xung quanh \u0111\u1ec3 \u0111\u1ea3m b\u1ea3o\u00a0<strong>diet chuot hieu qua nhat<\/strong>.<\/li>\n<li><i class=\"fa fa-arrow-circle-right\"><\/i><strong>B\u01b0\u1edbc 4<\/strong>: Sau khi chu\u1ed9t d\u00ednh b\u1ea3 ho\u1eb7c b\u1ecb b\u1eaby ch\u1ebft, ti\u1ebfn h\u00e0nh v\u1ec7 sinh s\u1ea1ch s\u1ebd khu v\u1ef1c v\u00e0 b\u00e0n giao l\u1ea1i cho kh\u00e1ch h\u00e0ng.<\/li>\n<\/ul>\n<\/div>\n<p style=\"text-align: justify;\">\u0110\u1ec3 \u0111\u1ea3m b\u1ea3o hi\u1ec7u qu\u1ea3 di\u1ec7t chu\u1ed9t t\u1ed1t nh\u1ea5t, ch\u00fang t\u00f4i khuy\u00ean qu\u00fd kh\u00e1ch h\u00e0ng n\u00ean di\u1ec7t chu\u1ed9t theo \u0111\u1ecbnh k\u00ec h\u00e0ng th\u00e1ng \u0111\u1ed3ng th\u1eddi m\u1edf r\u1ed9ng ph\u1ea1m vi di\u1ec7t chu\u1ed9t, tr\u00e1nh tr\u01b0\u1eddng h\u1ee3p chu\u1ed9t c\u00f3 th\u1ec3 di chuy\u1ec3n t\u1eeb khu v\u1ef1c l\u00e2n c\u1eadn \u0111\u1ebfn nh\u00e0 b\u1ea1n.<\/p>\n<p style=\"text-align: justify;\"><strong><em>M\u1ed9t s\u1ed1 \u01b0u \u0111i\u1ec3m khi s\u1eed d\u1ee5ng d\u1ecbch v\u1ee5 di\u1ec7t chu\u1ed9t t\u1ea1i An B\u00ecnh<\/em><\/strong><\/p>\n<div class=\"su-list su-list-style-\" style=\"text-align: justify;\">\n<ul>\n<li><i class=\"fa fa-arrow-circle-right\"><\/i>Ph\u1ee5c v\u1ee5 trong th\u1eddi gian s\u1edbm nh\u1ea5t sau khi ti\u1ebfp nh\u1eadn y\u00eau c\u1ea7u\u00a0<strong>thu\u00ea b\u1eaft chu\u1ed9t<\/strong>, di\u1ec7t chu\u1ed9t t\u1eeb ph\u00eda kh\u00e1ch h\u00e0ng.<\/li>\n<li><i class=\"fa fa-arrow-circle-right\"><\/i>Cam k\u1ebft ch\u1ec9 s\u1eed d\u1ee5ng c\u00e1c lo\u1ea1i thu\u1ed1c chu\u1ed9t uy t\u00edn, c\u00f3 ngu\u1ed3n g\u1ed1c xu\u1ea5t x\u1ee9 r\u00f5 r\u00e0ng v\u00e0 \u00edt \u1ea3nh h\u01b0\u1edfng \u0111\u1ebfn s\u1ee9c kh\u1ecfe c\u1ee7a ng\u01b0\u1eddi d\u00e2n.<\/li>\n<li><i class=\"fa fa-arrow-circle-right\"><\/i>\u0110\u1ed9i ng\u0169 k\u1ef9 thu\u1eadt \u0111\u01b0\u1ee3c \u0111\u00e0o t\u1ea1o b\u00e0i b\u1ea3n t\u1eeb nhi\u1ec1u tr\u01b0\u1eddng \u0111\u1ea1i h\u1ecdc uy t\u00edn, c\u00f3 kinh nghi\u1ec7m di\u1ec7t chu\u1ed9t hi\u1ec7u qu\u1ea3, c\u00f3 th\u1ec3 x\u1eed l\u00ed c\u00e1c t\u00ecnh hu\u1ed1ng ph\u00e1t sinh m\u1ed9t c\u00e1ch nhanh ch\u00f3ng, an to\u00e0n.<\/li>\n<li><i class=\"fa fa-arrow-circle-right\"><\/i>An B\u00ecnh lu\u00f4n cam k\u1ebft s\u1ebd d\u1ef1a v\u00e0o t\u00ecnh h\u00ecnh th\u1ef1c t\u1ebf c\u1ee7a kh\u00e1ch h\u00e0ng \u0111\u1ec3 \u0111\u00e1nh gi\u00e1 v\u00e0 \u0111\u01b0a ra b\u1ea3ng b\u00e1o gi\u00e1 ph\u00f9 h\u1ee3p nh\u1ea5t, gi\u00fap kh\u00e1ch h\u00e0ng ti\u1ebft ki\u1ec7m t\u1ed1i \u0111a chi ph\u00ed trong khi di\u1ec7t chu\u1ed9t.<\/li>\n<li><i class=\"fa fa-arrow-circle-right\"><\/i>V\u1edbi nh\u1eefng kh\u00e1ch h\u00e0ng c\u00f3 nhu c\u1ea7u di\u1ec7t chu\u1ed9t trong ph\u1ea1m vi r\u1ed9ng ch\u00fang t\u00f4i s\u1ebd c\u00f3 nh\u1eefng ch\u00ednh s\u00e1ch \u01b0u \u0111\u00e3i, gi\u1ea3m gi\u00e1 h\u1ee3p l\u00ed v\u00e0 b\u1ea3o h\u00e0nh t\u1ed1t n\u00ean kh\u00e1ch h\u00e0ng ho\u00e0n to\u00e0n c\u00f3 th\u1ec3 y\u00ean t\u00e2m khi s\u1eed d\u1ee5ng\u00a0<strong>d\u1ecbch v\u1ee5 di\u1ec7t chu\u1ed9t<\/strong>\u00a0t\u1ea1i An B\u00ecnh.<\/li>\n<\/ul>\n<\/div>\n<p style=\"text-align: justify;\">Tr\u00ean \u0111\u00e2y, ch\u00fang t\u00f4i \u0111\u00e3 gi\u1edbi thi\u1ec7u \u0111\u1ebfn qu\u00fd kh\u00e1ch to\u00e0n to\u00e0n b\u1ed9 th\u00f4ng tin chi ti\u1ebft v\u1ec1\u00a0<strong>d\u1ecbch v\u1ee5 di\u1ec7t chu\u00f4t t\u1ea1i nh\u00e0\u00a0<\/strong>c\u0169ng nh\u01b0 nhi\u1ec1u kh\u00f4ng gian kh\u00e1c nh\u01b0 nh\u00e0 h\u00e0ng, kh\u00e1ch s\u1ea1n, c\u00e1c nh\u00e0 m\u00e1y, x\u00ed nghi\u1ec7p, c\u00f4ng tr\u00ecnh x\u00e2y d\u1ef1ng, c\u00e1c khu nu\u00f4i tr\u1ed3ng\u2026.. n\u1ebfu b\u1ea1n c\u1ea7n bi\u1ebft th\u00eam th\u00f4ng tin chi ti\u1ebft vui l\u00f2ng \u0111\u1ec3 l\u1ea1i l\u1eddi nh\u1eafn tr\u00ean website ho\u1eb7c s\u1ed1 hotline \u0111\u1ec3 \u0111\u01b0\u1ee3c t\u01b0 v\u1ea5n trong th\u1eddi gian s\u1edbm nh\u1ea5t. R\u1ea5t h\u00e2n h\u1ea1nh \u0111\u01b0\u1ee3c ph\u1ee5c v\u1ee5 qu\u00fd kh\u00e1ch h\u00e0ng.<\/p>\n<p style=\"text-align: justify;\">\n<p style=\"text-align: justify;\"><strong>C\u00f4ng ty di\u1ec7t chu\u1ed9t An B\u00ecnh<\/strong><\/p>\n<p style=\"text-align: justify;\"><strong><i class=\"fa fa-map-marker\"><\/i>\u00a0\u0110\u1ecba ch\u1ec9: S\u1ed1 287 X\u00f3m 3, Th\u00f4n 4, x\u00e3 Song Ph\u01b0\u01a1ng, huy\u1ec7n Ho\u00e0i \u0110\u1ee9c, H\u00e0 N\u1ed9i, Vi\u1ec7t Nam<\/strong><\/p>\n<p style=\"text-align: justify;\"><strong>\u00a0Hotline: 0387 834 592 <\/strong><\/p>\n","protected":false},"excerpt":{"rendered":"<p>DI\u1ec6T CHU\u1ed8T An B\u00ecnh- c\u00f4ng ty chuy\u00ean cung c\u1ea5p d\u1ecbch v\u1ee5 di\u1ec7t chu\u1ed9t nhanh ch\u00f3ng, tri\u1ec7t \u0111\u1ec3, ti\u1ebft ki\u1ec7m V\u1edbi nhi\u1ec1u n\u0103m kinh nghi\u1ec7m trong ngh\u1ec1, hi\u1ec7n nay\u00a0d\u1ecbch v\u1ee5\u00a0di\u1ec7t chu\u1ed9t\u00a0c\u1ee7a C\u00f4ng ty di\u1ec7t c\u00f4n tr\u00f9ng An B\u00ecnh \u0111\u00e3 v\u00e0 \u0111ang nh\u1eadn \u0111\u01b0\u1ee3c nhi\u1ec1u ph\u1ea3n h\u1ed3i t\u00edch c\u1ef1c c\u1ee7a kh\u00e1ch h\u00e0ng trong vi\u1ec7c di\u1ec7t chu\u1ed9t m\u1ed9t [&hellip;]<\/p>\n","protected":false},"author":1,"featured_media":0,"parent":0,"menu_order":0,"comment_status":"closed","ping_status":"closed","template":"","meta":[],"_links":{"self":[{"href":"https:\/\/dietcontrung24h.com.vn\/index.php?rest_route=\/wp\/v2\/pages\/80"}],"collection":[{"href":"https:\/\/dietcontrung24h.com.vn\/index.php?rest_route=\/wp\/v2\/pages"}],"about":[{"href":"https:\/\/dietcontrung24h.com.vn\/index.php?rest_route=\/wp\/v2\/types\/page"}],"author":[{"embeddable":true,"href":"https:\/\/dietcontrung24h.com.vn\/index.php?rest_route=\/wp\/v2\/users\/1"}],"replies":[{"embeddable":true,"href":"https:\/\/dietcontrung24h.com.vn\/index.php?rest_route=%2Fwp%2Fv2%2Fcomments&post=80"}],"version-history":[{"count":8,"href":"https:\/\/dietcontrung24h.com.vn\/index.php?rest_route=\/wp\/v2\/pages\/80\/revisions"}],"predecessor-version":[{"id":468,"href":"https:\/\/dietcontrung24h.com.vn\/index.php?rest_route=\/wp\/v2\/pages\/80\/revisions\/468"}],"wp:attachment":[{"href":"https:\/\/dietcontrung24h.com.vn\/index.php?rest_route=%2Fwp%2Fv2%2Fmedia&parent=80"}],"curies":[{"name":"wp","href":"https:\/\/api.w.org\/{rel}","templated":true}]}}